{"id":72697,"date":"2024-06-19T20:22:09","date_gmt":"2024-06-19T20:22:09","guid":{"rendered":"https:\/\/mmsnew.dev.onpressidium.com\/guide-de-demarrage-conclusion\/"},"modified":"2024-08-20T19:00:14","modified_gmt":"2024-08-20T19:00:14","slug":"guide-de-demarrage-conclusion","status":"publish","type":"page","link":"https:\/\/www.mymusicstaff.com\/fr\/guide-de-demarrage-conclusion\/","title":{"rendered":"Guide de d\u00e9marrage &#8211; Conclusion"},"content":{"rendered":"<div class=\"gb-container gb-container-b1da9ea7\">\n<div class=\"gb-container gb-container-7f507c5c\">\n\n<h2 class=\"gb-headline gb-headline-8990d509 gb-headline-text\">Le <span class=\"extra-bold\">guide de d\u00e9marrage<\/span><\/h2>\n\n<\/div>\n\n<div class=\"gb-container gb-container-6a5d6be0\">\n\n<nav class=\"menu\">\n    <ul>\n        <li><a href=\"http:\/\/www.mymusicstaff.com\/fr\/guide-de-demarrage-les-bases\/\">Les Bases<\/a><\/li>\n        <li><a href=\"http:\/\/www.mymusicstaff.com\/fr\/guide-de-demarrage-automatisez-le\/\">Automatisez-le<\/a><\/li>\n        <li><a href=\"http:\/\/www.mymusicstaff.com\/fr\/guide-de-demarrage-le-niveau-suivant\/\">Le Niveau Suivant<\/a><\/li>\n        <li><a href=\"http:\/\/www.mymusicstaff.com\/fr\/guide-de-demarrage-conclusion\/\" class=\"active\">Conclusion<\/a><\/li>\n    <\/ul>\n<\/nav>\n\n<\/div>\n<\/div><div class=\"gb-container gb-container-ec63640d\">\n<div class=\"gb-container gb-container-81050d3a\"><\/div>\n<div class=\"gb-shapes\"><div class=\"gb-shape gb-shape-1\"><svg xmlns=\"http:\/\/www.w3.org\/2000\/svg\" viewBox=\"0 0 1200 137.6\" preserveAspectRatio=\"none\"><path d=\"M0 137.6h1200V21.9l-66.7 26.7c-66.7 26.7-200 80-333.3 66.7S533.3 21.9 400 4.2C266.7-13.9 133.3 31.1 66.7 53L0 75.3v62.3z\"\/><\/svg><\/div><\/div><\/div><div class=\"gb-container gb-container-cbc5f0d5\">\n<div class=\"gb-container gb-container-eedd7034\"><\/div>\n<div class=\"gb-shapes\"><div class=\"gb-shape gb-shape-1\"><svg xmlns=\"http:\/\/www.w3.org\/2000\/svg\" viewBox=\"0 0 1200 96.2\" preserveAspectRatio=\"none\"><path d=\"M0 96.2h1200V72.9l-50-8.9c-50-8.6-150-26.9-250-22.2C800 46.2 700 72.9 600 64 500 55.4 400 10.4 300 1.8 200-7.1 100 19.5 50 32.9L0 46.2v50z\"\/><\/svg><\/div><\/div><\/div><div data-aos=\"fade-up\" class=\"gb-container gb-container-66f61be0\"><div class=\"gb-inside-container\">\n<div class=\"gb-grid-wrapper gb-grid-wrapper-b1dd86a3\">\n<div class=\"gb-grid-column gb-grid-column-6d5f3f7d\"><div class=\"gb-container gb-container-6d5f3f7d\"><div class=\"gb-inside-container\">\n\n<figure class=\"gb-block-image gb-block-image-b7bc2a71\"><img loading=\"lazy\" decoding=\"async\" width=\"739\" height=\"581\" class=\"gb-image gb-image-b7bc2a71 tablet-show\" src=\"http:\/\/www.mymusicstaff.com\/wp-content\/uploads\/2024\/06\/wp-devices@2x.png\" alt=\"\" title=\"wp-devices@2x\" srcset=\"https:\/\/www.mymusicstaff.com\/wp-content\/uploads\/2024\/06\/wp-devices@2x.png 739w, https:\/\/www.mymusicstaff.com\/wp-content\/uploads\/2024\/06\/wp-devices@2x-300x236.png 300w\" sizes=\"auto, (max-width: 739px) 100vw, 739px\" \/><\/figure>\n\n\n\n<h2 class=\"wp-block-heading\"><br\/>F\u00e9licitations \u2013 vous avez termin\u00e9 le <span class=\"blue-text\">guide de d\u00e9marrage !<\/span><\/h2>\n\n\n\n<p class=\"p-style\">Vous \u00eates maintenant familier avec certaines des nombreuses fonctionnalit\u00e9s de My Music Staff. Nous esp\u00e9rons que vous \u00eates aussi enthousiaste \u00e0 l\u2019id\u00e9e d\u2019utiliser notre logiciel de gestion de studio que nous le sommes de vous accueillir dans notre communaut\u00e9 d\u2019enseignants de musique ! Bien que ce guide soit assez complet, il existe encore d\u2019autres moyens d\u2019en apprendre davantage sur les choses \u00e9tonnantes que MMS peut faire pour vous !  <\/p>\n\n<\/div><\/div><\/div>\n\n<div class=\"gb-grid-column gb-grid-column-6e1012a6\"><div class=\"gb-container gb-container-6e1012a6\"><div class=\"gb-inside-container\">\n\n<figure class=\"gb-block-image gb-block-image-60ed3677\"><img loading=\"lazy\" decoding=\"async\" width=\"739\" height=\"581\" class=\"gb-image gb-image-60ed3677 tablet-hide\" src=\"http:\/\/www.mymusicstaff.com\/wp-content\/uploads\/2024\/06\/wp-devices@2x.png\" alt=\"\" title=\"wp-devices@2x\" srcset=\"https:\/\/www.mymusicstaff.com\/wp-content\/uploads\/2024\/06\/wp-devices@2x.png 739w, https:\/\/www.mymusicstaff.com\/wp-content\/uploads\/2024\/06\/wp-devices@2x-300x236.png 300w\" sizes=\"auto, (max-width: 739px) 100vw, 739px\" \/><\/figure>\n\n<\/div><\/div><\/div>\n<\/div>\n<\/div><\/div><div class=\"gb-container gb-container-506bae8d\">\n<div class=\"gb-container gb-container-a1df4b7b\">\n<div class=\"gb-grid-wrapper gb-grid-wrapper-10924491\">\n<div class=\"gb-grid-column gb-grid-column-071354cd\"><div class=\"gb-container gb-container-071354cd\">\n\n<figure class=\"gb-block-image gb-block-image-d465aea4\"><img loading=\"lazy\" decoding=\"async\" width=\"583\" height=\"507\" class=\"gb-image gb-image-d465aea4\" src=\"http:\/\/www.mymusicstaff.com\/wp-content\/uploads\/2024\/06\/wu-help-articles@2x.png\" alt=\"\" title=\"wu-help-articles@2x\" srcset=\"https:\/\/www.mymusicstaff.com\/wp-content\/uploads\/2024\/06\/wu-help-articles@2x.png 583w, https:\/\/www.mymusicstaff.com\/wp-content\/uploads\/2024\/06\/wu-help-articles@2x-300x261.png 300w\" sizes=\"auto, (max-width: 583px) 100vw, 583px\" \/><\/figure>\n\n<\/div><\/div>\n\n<div class=\"gb-grid-column gb-grid-column-37d445e7\"><div class=\"gb-container gb-container-37d445e7\">\n\n<h3 class=\"gb-headline gb-headline-7880f433 gb-headline-text\">Articles d\u2019aide<\/h3>\n\n\n<div class=\"gb-container gb-container-ae12b3e9\">\n<div class=\"gb-container gb-container-a00da2be\">\n<div class=\"gb-container gb-container-b7daefa1\">\n\n<p class=\"gsg-ptext\">Notre incroyable \u00e9quipe de support a r\u00e9dig\u00e9 des centaines d\u2019instructions simples, \u00e9tape par \u00e9tape, pour vous apprendre \u00e0 faire tout ce qui vous pose probl\u00e8me. Vous pouvez aller sur support.mymusicstaff.com ou cliquer sur le ? dans le coin sup\u00e9rieur droit de My Music Staff pour consulter les articles dans l\u2019application ! Tapez des mots-cl\u00e9s et vous verrez une liste d\u2019articles pertinents.   <\/p>\n\n\n\n<div class=\"pricing-buttons-container\">\n    <a href=\"https:\/\/support.mymusicstaff.com\/\" class=\"pricing-button stripe-button\">Articles de support <span class=\"gsg-icon\"><\/span><\/a>\n<\/div>\n\n<\/div>\n<\/div>\n<\/div>\n<\/div><\/div>\n<\/div>\n<\/div>\n\n<div class=\"gb-container gb-container-57dab8b1\">\n<div class=\"gb-grid-wrapper gb-grid-wrapper-de7f9d41\">\n<div class=\"gb-grid-column gb-grid-column-0838da19\"><div class=\"gb-container gb-container-0838da19\">\n\n<figure class=\"gb-block-image gb-block-image-cff809de\"><img loading=\"lazy\" decoding=\"async\" width=\"689\" height=\"599\" class=\"gb-image gb-image-cff809de tablet-show\" src=\"http:\/\/www.mymusicstaff.com\/wp-content\/uploads\/2024\/06\/wu-youtube@2x.png\" alt=\"\" title=\"wu-youtube@2x\" srcset=\"https:\/\/www.mymusicstaff.com\/wp-content\/uploads\/2024\/06\/wu-youtube@2x.png 689w, https:\/\/www.mymusicstaff.com\/wp-content\/uploads\/2024\/06\/wu-youtube@2x-300x261.png 300w\" sizes=\"auto, (max-width: 689px) 100vw, 689px\" \/><\/figure>\n\n\n\n<h3 class=\"gb-headline gb-headline-b157a1cb gb-headline-text\">YouTube<\/h3>\n\n\n\n<p class=\"gsg-ptext\">Notre cha\u00eene YouTube propose de nombreux tutoriels vid\u00e9o utiles avec des enregistrements d\u2019\u00e9cran vous montrant exactement ce que vous devez faire. S\u2019il y a un tutoriel vid\u00e9o que vous aimeriez que nous cr\u00e9ions, faites-le nous savoir ! <\/p>\n\n\n\n<div class=\"pricing-buttons-container\">\n    <a href=\"https:\/\/www.youtube.com\/Mymusicstaff\" class=\"pricing-button stripe-button\" target=\"_blank\" rel=\"noopener\">Cha\u00eene YouTube <span class=\"gsg-icon\"><\/span><\/a>\n<\/div>\n\n<\/div><\/div>\n\n<div class=\"gb-grid-column gb-grid-column-b059fcb9\"><div class=\"gb-container gb-container-b059fcb9\">\n\n<figure class=\"gb-block-image gb-block-image-541dca5c\"><img loading=\"lazy\" decoding=\"async\" width=\"689\" height=\"599\" class=\"gb-image gb-image-541dca5c tablet-hide\" src=\"http:\/\/www.mymusicstaff.com\/wp-content\/uploads\/2024\/06\/wu-youtube@2x.png\" alt=\"\" title=\"wu-youtube@2x\" srcset=\"https:\/\/www.mymusicstaff.com\/wp-content\/uploads\/2024\/06\/wu-youtube@2x.png 689w, https:\/\/www.mymusicstaff.com\/wp-content\/uploads\/2024\/06\/wu-youtube@2x-300x261.png 300w\" sizes=\"auto, (max-width: 689px) 100vw, 689px\" \/><\/figure>\n\n<\/div><\/div>\n<\/div>\n<\/div>\n\n<div class=\"gb-container gb-container-71bd8b04\">\n<div class=\"gb-grid-wrapper gb-grid-wrapper-b2f1f8f0\">\n<div class=\"gb-grid-column gb-grid-column-d7b6980c\"><div class=\"gb-container gb-container-d7b6980c\">\n\n<figure class=\"gb-block-image gb-block-image-a12a8a6f\"><img loading=\"lazy\" decoding=\"async\" width=\"874\" height=\"568\" class=\"gb-image gb-image-a12a8a6f\" src=\"http:\/\/www.mymusicstaff.com\/wp-content\/uploads\/2024\/06\/wu-mms-com@2x.png\" alt=\"\" title=\"wu-mms-com@2x\" srcset=\"https:\/\/www.mymusicstaff.com\/wp-content\/uploads\/2024\/06\/wu-mms-com@2x.png 874w, https:\/\/www.mymusicstaff.com\/wp-content\/uploads\/2024\/06\/wu-mms-com@2x-300x195.png 300w, https:\/\/www.mymusicstaff.com\/wp-content\/uploads\/2024\/06\/wu-mms-com@2x-768x499.png 768w\" sizes=\"auto, (max-width: 874px) 100vw, 874px\" \/><\/figure>\n\n<\/div><\/div>\n\n<div class=\"gb-grid-column gb-grid-column-4732ce30\"><div class=\"gb-container gb-container-4732ce30\">\n\n<h3 class=\"gb-headline gb-headline-ed0552a7 gb-headline-text\">Communaut\u00e9 Facebook<\/h3>\n\n\n\n<p class=\"gsg-ptext\">Une fois que vous avez termin\u00e9 votre essai gratuit et que vous \u00eates devenu un membre abonn\u00e9, rejoignez notre groupe Facebook priv\u00e9 pour vous connecter avec d\u2019autres enseignants de musique utilisant MMS partout dans le monde ! Posez des questions sur les politiques, partagez des conseils, acc\u00e9dez \u00e0 des ressources (comme nos calendriers gratuits pour les r\u00e9seaux sociaux et nos fiches d\u2019activit\u00e9s de th\u00e9orie musicale) et bien plus encore ! <\/p>\n\n\n\n<div class=\"pricing-buttons-container\">\n    <a href=\"https:\/\/www.facebook.com\/groups\/mymusicstaffcommunity\/\" class=\"pricing-button stripe-button\" target=\"_blank\" rel=\"noopener\">Communaut\u00e9 Facebook <span class=\"gsg-icon\"><\/span><\/a>\n<\/div>\n\n<\/div><\/div>\n<\/div>\n<\/div>\n<\/div><div class=\"gb-container gb-container-6d7c6113\">\n<div class=\"gb-container gb-container-41f2abc4\">\n\n<h4 class=\"gb-headline gb-headline-08bd61ce gb-headline-text\">Que faire quand vous ne savez pas quoi faire\u2026<\/h4>\n\n<\/div>\n\n<div class=\"gb-container gb-container-6c12b457\">\n<div class=\"gb-grid-wrapper gb-grid-wrapper-2441e917\">\n<div class=\"gb-grid-column gb-grid-column-8c73676b\"><div class=\"gb-container gb-container-8c73676b\">\n\n<figure class=\"gb-block-image gb-block-image-8508d9ee\"><img loading=\"lazy\" decoding=\"async\" width=\"718\" height=\"597\" class=\"gb-image gb-image-8508d9ee tablet-show\" src=\"http:\/\/www.mymusicstaff.com\/wp-content\/uploads\/2024\/06\/wu-support-call@2x.png\" alt=\"\" title=\"wu-support-call@2x\" srcset=\"https:\/\/www.mymusicstaff.com\/wp-content\/uploads\/2024\/06\/wu-support-call@2x.png 718w, https:\/\/www.mymusicstaff.com\/wp-content\/uploads\/2024\/06\/wu-support-call@2x-300x249.png 300w\" sizes=\"auto, (max-width: 718px) 100vw, 718px\" \/><\/figure>\n\n\n\n<p class=\"gsg-ptext\">M\u00eame les membres les plus exp\u00e9riment\u00e9s de My Music Staff auront parfois des questions, et c\u2019est normal. De l\u2019aide est en route ! Notre \u00e9quipe de r\u00e9ussite client de premier ordre est disponible pour r\u00e9pondre \u00e0 toutes vos questions, suivre votre demande de fonctionnalit\u00e9, ou v\u00e9rifier votre compte si vous voulez simplement un deuxi\u00e8me avis pour vous assurer que tout est en ordre.  <\/p>\n\n\n\n<p class=\"gsg-ptext has-text-color has-link-color wp-elements-d72e22d7842624a42ddae690701747dd\" style=\"color:#2ca8e1\"><strong>Nos heures de support sont du lundi au vendredi de 9h00 \u00e0 16h30, heure de l\u2019Est.<\/strong><\/p>\n\n<\/div><\/div>\n\n<div class=\"gb-grid-column gb-grid-column-f541400f\"><div class=\"gb-container gb-container-f541400f\">\n\n<figure class=\"gb-block-image gb-block-image-5e5315bc\"><img loading=\"lazy\" decoding=\"async\" width=\"718\" height=\"597\" class=\"gb-image gb-image-5e5315bc tablet-hide\" src=\"http:\/\/www.mymusicstaff.com\/wp-content\/uploads\/2024\/06\/wu-support-call@2x.png\" alt=\"\" title=\"wu-support-call@2x\" srcset=\"https:\/\/www.mymusicstaff.com\/wp-content\/uploads\/2024\/06\/wu-support-call@2x.png 718w, https:\/\/www.mymusicstaff.com\/wp-content\/uploads\/2024\/06\/wu-support-call@2x-300x249.png 300w\" sizes=\"auto, (max-width: 718px) 100vw, 718px\" \/><\/figure>\n\n<\/div><\/div>\n<\/div>\n<\/div>\n<\/div><div class=\"gb-container gb-container-75c4b956\">\n<div class=\"gb-container gb-container-aa31c281\">\n<div class=\"gb-grid-wrapper gb-grid-wrapper-5f6bac50\">\n<div class=\"gb-grid-column gb-grid-column-263bd2e5\"><div class=\"gb-container gb-container-263bd2e5 shadow-boxes\"><div class=\"gb-inside-container\">\n\n<figure class=\"gb-block-image gb-block-image-1a659f4b\"><img loading=\"lazy\" decoding=\"async\" width=\"156\" height=\"149\" class=\"gb-image gb-image-1a659f4b\" src=\"http:\/\/www.mymusicstaff.com\/wp-content\/uploads\/2024\/06\/wu-mail@2x.png\" alt=\"\" title=\"wu-mail@2x\"><\/figure>\n\n\n<div class=\"gb-container gb-container-a0a17181\"><div class=\"gb-inside-container\">\n\n<h4 class=\"gb-headline gb-headline-1b8adc1c gb-headline-text\">Une question ?<br>Envoyez-nous un e-mail \u00e0<\/h4>\n\n\n\n<h4 class=\"gb-headline gb-headline-df46a2a4 gb-headline-text\">support@mymusicstaff.com<\/h4>\n\n<\/div><\/div>\n<\/div><\/div><\/div>\n\n<div class=\"gb-grid-column gb-grid-column-f289dc4f\"><div class=\"gb-container gb-container-f289dc4f shadow-boxes\"><div class=\"gb-inside-container\">\n\n<figure class=\"gb-block-image gb-block-image-33732029\"><img loading=\"lazy\" decoding=\"async\" width=\"143\" height=\"130\" class=\"gb-image gb-image-33732029\" src=\"http:\/\/www.mymusicstaff.com\/wp-content\/uploads\/2024\/06\/wu-phone@2x.png\" alt=\"\" title=\"wu-phone@2x\"><\/figure>\n\n\n<div class=\"gb-container gb-container-349fc4aa\"><div class=\"gb-inside-container\">\n\n<h4 class=\"gb-headline gb-headline-5a2e4272 gb-headline-text\">Num\u00e9ro sans frais (\u00c9tats-Unis et Canada) :<br>1-888-732-6134<\/h4>\n\n\n\n<h4 class=\"gb-headline gb-headline-066a5f29 gb-headline-text\">International: <br>+1-905-963-8780<\/h4>\n\n\n\n<h4 class=\"gb-headline gb-headline-da37611a gb-headline-text\">Royaume-Uni: 0203 966 7794<\/h4>\n\n<\/div><\/div>\n<\/div><\/div><\/div>\n\n<div class=\"gb-grid-column gb-grid-column-bfba0b8f\"><div class=\"gb-container gb-container-bfba0b8f shadow-boxes\"><div class=\"gb-inside-container\">\n\n<figure class=\"gb-block-image gb-block-image-4f6498f2\"><img loading=\"lazy\" decoding=\"async\" width=\"167\" height=\"137\" class=\"gb-image gb-image-4f6498f2\" src=\"http:\/\/www.mymusicstaff.com\/wp-content\/uploads\/2024\/06\/wu-articles@2x.png\" alt=\"\" title=\"wu-articles@2x\"><\/figure>\n\n\n<div class=\"gb-container gb-container-f4ea65fd\"><div class=\"gb-inside-container\">\n\n<h4 class=\"gb-headline gb-headline-d5ce3eaf gb-headline-text\">Dans My Music Staff, cliquez sur <strong>Aide<\/strong> dans le coin sup\u00e9rieur droit, pui cliquez sur <strong>Contactez-nous.<\/strong><\/h4>\n\n<\/div><\/div>\n<\/div><\/div><\/div>\n\n<div class=\"gb-grid-column gb-grid-column-37e32d72\"><div class=\"gb-container gb-container-37e32d72 shadow-boxes\"><div class=\"gb-inside-container\">\n\n<figure class=\"gb-block-image gb-block-image-a77b3ce5\"><img loading=\"lazy\" decoding=\"async\" width=\"154\" height=\"143\" class=\"gb-image gb-image-a77b3ce5\" src=\"http:\/\/www.mymusicstaff.com\/wp-content\/uploads\/2024\/06\/wu-video@2x.png\" alt=\"\" title=\"wu-video@2x\"><\/figure>\n\n\n<div class=\"gb-container gb-container-ed0a476a\"><div class=\"gb-inside-container\">\n\n<h4 class=\"gb-headline gb-headline-063302a2 gb-headline-text\">Vous voulez voir les fonctionnalit\u00e9s de My Music Staff en action ?<\/h4>\n\n\n\n<h4 class=\"gb-headline gb-headline-0a01f090 gb-headline-text\"><strong><a href=\"http:\/\/www.mymusicstaff.com\/fr\/reservez-une-demonstration\/\"><a href=\"http:\/\/www.mymusicstaff.com\/fr\/reservez-une-demonstration\/\">Inscrivez-vous ici pour une d\u00e9mo de groupe gratuite<\/a><\/a><\/strong><\/h4>\n\n<\/div><\/div>\n<\/div><\/div><\/div>\n<\/div>\n<\/div>\n<\/div><div class=\"gb-container gb-container-75bff36d\">\n<div class=\"gb-container gb-container-1fefcbf6\">\n\n<h4 class=\"gb-headline gb-headline-063d7c4a gb-headline-text\">Aidez-nous \u00e0 vous aider !<\/h4>\n\n\n<div class=\"gb-grid-wrapper gb-grid-wrapper-300b55b3\">\n<div class=\"gb-grid-column gb-grid-column-4233c1a5\"><div class=\"gb-container gb-container-4233c1a5\">\n\n<p class=\"gsg-ptext\"><strong>Voici quelques conseils pour lorsque vous contactez le support. Cela peut aider notre \u00e9quipe \u00e0 trouver la r\u00e9ponse \u00e0 votre question encore plus rapidement ! <\/strong><\/p>\n\n\n\n<p class=\"gsg-ptext\"><strong>1. <\/strong>Si vous ne savez pas comment r\u00e9soudre le probl\u00e8me, essayez de laisser tout en l\u2019\u00e9tat et contactez-nous imm\u00e9diatement. Si vous commencez \u00e0 apporter des modifications dont vous n\u2019\u00eates pas s\u00fbr, il pourrait nous falloir plus de temps pour trouver la cause du probl\u00e8me. <\/p>\n\n\n\n<p class=\"gsg-ptext\"><strong>2.<\/strong> Avez-vous remarqu\u00e9 que quelque chose ne semble pas tout \u00e0 fait correct dans votre compte ? Nous pouvons vous aider \u00e0 r\u00e9soudre le probl\u00e8me ! Lorsque vous nous contactez, faites-nous savoir ce qui ne semble pas correct et ce que vous vous attendiez \u00e0 voir.  <\/p>\n\n<\/div><\/div>\n\n<div class=\"gb-grid-column gb-grid-column-08937d77\"><div class=\"gb-container gb-container-08937d77\">\n\n<p class=\"gsg-ptext\"><strong>3. <\/strong>Plus vous pouvez fournir de d\u00e9tails, mieux c\u2019est ! Faites-nous savoir les noms des \u00e9tudiants et des enseignants, les dates et heures des le\u00e7ons, etc., afin que l\u2019\u00e9quipe puisse examiner de plus pr\u00e8s imm\u00e9diatement. <\/p>\n\n\n\n<p class=\"gsg-ptext\"><strong>4.<\/strong> Vous nous appelez au t\u00e9l\u00e9phone ? Ayez votre compte My Music Staff ouvert et connect\u00e9 (nous savons, cela semble \u00e9vident, mais lorsque vous \u00eates en plein milieu d\u2019une journ\u00e9e de cours charg\u00e9e, vous pourriez oublier !) <\/p>\n\n\n\n<p class=\"gsg-ptext\"><strong>5.<\/strong> Si vous nous appelez et que vous n\u2019obtenez pas imm\u00e9diatement un membre de notre \u00e9quipe, assurez-vous de laisser un message vocal avec votre nom et votre num\u00e9ro afin que nous puissions vous rappeler !<\/p>\n\n<\/div><\/div>\n<\/div>\n<\/div>\n<\/div>","protected":false},"excerpt":{"rendered":"<p>Le guide de d\u00e9marrage Les Bases Automatisez-le Le Niveau Suivant Conclusion Que faire quand vous ne savez pas quoi faire\u2026 Aidez-nous \u00e0 vous aider !<\/p>\n","protected":false},"author":6,"featured_media":0,"parent":0,"menu_order":0,"comment_status":"closed","ping_status":"closed","template":"","meta":{"inline_featured_image":false,"footnotes":""},"class_list":["post-72697","page","type-page","status-publish"],"_links":{"self":[{"href":"https:\/\/www.mymusicstaff.com\/fr\/wp-json\/wp\/v2\/pages\/72697","targetHints":{"allow":["GET"]}}],"collection":[{"href":"https:\/\/www.mymusicstaff.com\/fr\/wp-json\/wp\/v2\/pages"}],"about":[{"href":"https:\/\/www.mymusicstaff.com\/fr\/wp-json\/wp\/v2\/types\/page"}],"author":[{"embeddable":true,"href":"https:\/\/www.mymusicstaff.com\/fr\/wp-json\/wp\/v2\/users\/6"}],"replies":[{"embeddable":true,"href":"https:\/\/www.mymusicstaff.com\/fr\/wp-json\/wp\/v2\/comments?post=72697"}],"version-history":[{"count":4,"href":"https:\/\/www.mymusicstaff.com\/fr\/wp-json\/wp\/v2\/pages\/72697\/revisions"}],"predecessor-version":[{"id":72709,"href":"https:\/\/www.mymusicstaff.com\/fr\/wp-json\/wp\/v2\/pages\/72697\/revisions\/72709"}],"wp:attachment":[{"href":"https:\/\/www.mymusicstaff.com\/fr\/wp-json\/wp\/v2\/media?parent=72697"}],"curies":[{"name":"wp","href":"https:\/\/api.w.org\/{rel}","templated":true}]}}