{"id":71890,"date":"2024-04-29T19:38:13","date_gmt":"2024-04-29T19:38:13","guid":{"rendered":"https:\/\/mmsnew.dev.onpressidium.com\/createur-de-site-web\/"},"modified":"2025-06-10T19:04:11","modified_gmt":"2025-06-10T19:04:11","slug":"createur-de-site-web","status":"publish","type":"page","link":"https:\/\/www.mymusicstaff.com\/fr\/createur-de-site-web\/","title":{"rendered":"Cr\u00e9ateur du site web"},"content":{"rendered":"<div class=\"gb-container gb-container-7aa6265c\"><div class=\"gb-inside-container\">\n<div class=\"gb-container gb-container-db3890d4 align-text-center-features\"><div class=\"gb-inside-container\">\n\n<div class=\"feature-menu-2\">\n<ul class=\"mob-menu\">\n \t<li class=\"features-menu\"><a href=\"http:\/\/www.mymusicstaff.com\/fr\/gestion-des-etudiants\/\">Gestion des \u00e9tudiants<\/a><\/li>\n \t<li class=\"features-menu\"><a href=\"http:\/\/www.mymusicstaff.com\/fr\/calendrier-et-presences\/\">Calendrier et pr\u00e9sences<\/a><\/li>\n \t<li class=\"features-menu\"><a href=\"http:\/\/www.mymusicstaff.com\/fr\/factures-et-paiements\/\">Factures et paiements<\/a><\/li>\n \t<li class=\"features-menu\"><a href=\"http:\/\/www.mymusicstaff.com\/fr\/fonctionnalites-dentreprise\/\">Fonctionnalit\u00e9s d\u2019entreprise<\/a><\/li>\n \t<li class=\"features-menu\"><a href=\"http:\/\/www.mymusicstaff.com\/fr\/gestion-de-lapprentissage\/\">Gestion de l&rsquo;apprentissage<\/a><\/li>\n \t<li class=\"features-menu\"><a href=\"http:\/\/www.mymusicstaff.com\/fr\/multi-enseignants\/\">Multi-enseignants<\/a><\/li>\n \t<li class=\"features-menu\"><a href=\"http:\/\/www.mymusicstaff.com\/fr\/portail-etudiant\/\">Portail \u00e9tudiant<\/a><\/li>\n        <li class=\"features-menu\"><a href=\"http:\/\/www.mymusicstaff.com\/fr\/integrations\/\">Int\u00e9grations<\/a><\/li>\n        <li class=\"last current features-menu\"><a href=\"http:\/\/www.mymusicstaff.com\/fr\/createur-de-site-web\/\">Cr\u00e9ateur du site web<\/a><\/li>\n<\/ul>\n<\/div>\n\n<\/div><\/div>\n\n<div data-aos=\"fade-up\" class=\"gb-container gb-container-fc6371ee\"><div class=\"gb-inside-container\">\n\n<h1 class=\"wp-block-heading has-text-align-center feature-header has-contrast-color has-text-color\">Cr\u00e9ateur du site web<\/h1>\n\n\n<div class=\"gb-container gb-container-033bdd0e\"><div class=\"gb-inside-container\">\n\n<p class=\"has-text-align-center feature-page-subheader has-medium-font-size\">Un <strong>\u00e9diteur convivial<\/strong> est inclus dans My Music Staff !<\/p>\n\n<\/div><\/div>\n<\/div><\/div>\n<\/div><div class=\"gb-shapes\"><div class=\"gb-shape gb-shape-1\"><svg xmlns=\"http:\/\/www.w3.org\/2000\/svg\" viewBox=\"0 0 1200 137.6\" preserveAspectRatio=\"none\"><path d=\"M0 137.6h1200V21.9l-66.7 26.7c-66.7 26.7-200 80-333.3 66.7S533.3 21.9 400 4.2C266.7-13.9 133.3 31.1 66.7 53L0 75.3v62.3z\"\/><\/svg><\/div><\/div><\/div><div data-aos=\"fade-up\" class=\"gb-container gb-container-e899c9b4\"><div class=\"gb-inside-container\">\n\n<figure class=\"gb-block-image gb-block-image-e6d5d8a7\"><img decoding=\"async\" class=\"gb-image gb-image-e6d5d8a7\" src=\"http:\/\/www.mymusicstaff.com\/wp-content\/uploads\/2024\/08\/Web-builder-ftr-fr@2x.png\" alt=\"\" title=\"website-builder-header@2x\"><\/figure>\n\n<\/div><\/div><div data-aos=\"fade-up\" class=\"gb-container gb-container-b888acb6\"><div class=\"gb-inside-container\">\n\n<h2 class=\"text_background_color\">Cr\u00e9ez le site web de votre studio en <span>un rien de temps !<\/span><\/h2>\n\n\n\n<p class=\"p-style\" style=\"font-size:18px\">My Music Staff comprend un cr\u00e9ateur de site web visuel, en glisser-d\u00e9poser \u2013 vous n&rsquo;avez pas besoin d&rsquo;\u00eatre d\u00e9veloppeur web pour avoir un site professionnel pour votre studio !<\/p>\n\n\n<div class=\"gb-container gb-container-ea636631\"><div class=\"gb-inside-container\">\n<div class=\"gb-button-wrapper gb-button-wrapper-a9809165\">\n\n<a class=\"gb-button gb-button-5b99cb9b gb-button-text yellow-button\" href=\"http:\/\/www.mymusicstaff.com\/fr\/rejoignez-gratuitement\/\">Essayez-le gratuitement d\u00e8s aujourd\u2019hui !<\/a>\n\n<\/div>\n<\/div><\/div>\n<\/div><\/div><div data-aos=\"fade-up\" class=\"gb-container gb-container-9d39c55b tablet-hide\"><div class=\"gb-inside-container\">\n\n<figure class=\"wp-block-image size-full\"><img loading=\"lazy\" decoding=\"async\" width=\"359\" height=\"295\" src=\"http:\/\/www.mymusicstaff.com\/wp-content\/uploads\/2022\/07\/hp-blue-dot-background.png\" alt=\"\" class=\"wp-image-3077\" srcset=\"https:\/\/www.mymusicstaff.com\/wp-content\/uploads\/2022\/07\/hp-blue-dot-background.png 359w, https:\/\/www.mymusicstaff.com\/wp-content\/uploads\/2022\/07\/hp-blue-dot-background-300x247.png 300w\" sizes=\"auto, (max-width: 359px) 100vw, 359px\" \/><\/figure>\n\n<\/div><\/div><div data-aos=\"fade-up\" class=\"gb-container gb-container-d07d7ad8\"><div class=\"gb-inside-container\">\n<style>.kt-blocks-testimonials-wrap66356_e49f65-26 .kt-svg-testimonial-global-icon{font-size:30px;}.kt-blocks-testimonials-wrap66356_e49f65-26 .kt-testimonial-rating-wrap .kb-svg-icon-wrap{color:#ffd700;font-size:16px;}.kt-blocks-testimonials-wrap66356_e49f65-26 .kt-testimonial-grid-wrap{gap:30px;}.kt-blocks-testimonials-wrap66356_e49f65-26 .kt-testimonial-item-wrap{padding-top:20px;padding-right:20px;padding-bottom:20px;padding-left:20px;}.kt-blocks-testimonials-wrap66356_e49f65-26 .kt-testimonial-content{color:var(--contrast-3);font-size:19px;line-height:43px;font-family:Poppins;font-style:normal;font-weight:300;}.kt-blocks-testimonials-wrap66356_e49f65-26 .kt-testimonial-name{color:rgba(45,167,223,0.69);font-size:20px;font-weight:bold;}.kt-blocks-testimonials-wrap66356_e49f65-26 .kt-testimonial-occupation{color:var(--contrast-3);font-size:13px;}.kt-blocks-testimonials-wrap66356_e49f65-26 .kt-testimonial-item-wrap{max-width:1000px;}@media all and (max-width: 767px){.kt-blocks-testimonials-wrap66356_e49f65-26{padding-top:px;padding-bottom:px;margin-top:px;margin-bottom:px;}}<\/style><div class=\"kt-blocks-testimonials-wrap66356_e49f65-26 kt-testimonial-halign-center kt-testimonial-style-basic kt-testimonials-media-off kt-testimonials-icon-off kt-testimonial-columns-1 kt-t-xxl-col-1 kt-t-xl-col-1 kt-t-lg-col-1 kt-t-md-col-1 kt-t-sm-col-1 kt-t-xs-col-1 wp-block-kadence-testimonials\"><ul class=\"kt-blocks-testimonials-inner-wrap kt-testimonial-grid-wrap\">\n<li class=\"kt-testimonial-grid-item\"><div class=\"kt-testimonial-item-wrap kt-testimonial-item-66356_22238e-11 wp-block-kadence-testimonial\"><div class=\"kt-testimonial-text-wrap\"><div class=\"kt-testimonial-content-wrap\"><blockquote class=\"kt-testimonial-content\"><em>\u201cJe n&rsquo;aurais jamais pens\u00e9 pouvoir cr\u00e9er moi-m\u00eame un site web aussi beau ! Je suis tellement content de son aspect professionnel, et cela m&rsquo;a pris seulement quelques heures \u00e0 configurer. \u201d<\/em><\/blockquote><\/div><\/div><div class=\"kt-testimonial-meta-wrap\"><div class=\"kt-testimonial-meta-name-wrap\"><div class=\"kt-testimonial-name-wrap\"><div class=\"kt-testimonial-name\"> &#8211; Dominic S.<\/div><\/div><\/div><\/div><\/div><\/li>\n<\/ul><\/div>\n<\/div><\/div><div data-aos=\"fade-up\" class=\"gb-container gb-container-35492a31\"><div class=\"gb-inside-container\">\n<div class=\"gb-container gb-container-3df6ddd6\"><div class=\"gb-inside-container\">\n<div class=\"gb-grid-wrapper gb-grid-wrapper-c68aad39\">\n<div class=\"gb-grid-column gb-grid-column-2616041c\"><div class=\"gb-container gb-container-2616041c\"><div class=\"gb-inside-container\">\n\n<figure class=\"gb-block-image gb-block-image-b9491720\"><img decoding=\"async\" class=\"gb-image gb-image-b9491720\" src=\"http:\/\/www.mymusicstaff.com\/wp-content\/uploads\/2024\/08\/simple-setup-ftr-fr@2x.png\" alt=\"\" title=\"simple-setup@2x\"><\/figure>\n\n<\/div><\/div><\/div>\n\n<div class=\"gb-grid-column gb-grid-column-9978af6f\"><div class=\"gb-container gb-container-9978af6f\"><div class=\"gb-inside-container\">\n\n<h2 class=\"wp-block-heading\">Configuration simple<\/h2>\n\n\n\n<p class=\"p-style\">Vous n&rsquo;avez pas encore de site web ou vous ne savez pas par o\u00f9 commencer ? Rien de plus facile ! Il vous suffit de choisir un mod\u00e8le, une adresse web et un nom pour votre site. Vous avez maintenant les bases de votre site web !   <\/p>\n\n<\/div><\/div><\/div>\n<\/div>\n<\/div><\/div>\n<\/div><\/div><div data-aos=\"fade-up\" class=\"gb-container gb-container-fc84779d\"><div class=\"gb-inside-container\">\n<div class=\"gb-grid-wrapper gb-grid-wrapper-41a3c7f9\">\n<div class=\"gb-grid-column gb-grid-column-f227928b\"><div class=\"gb-container gb-container-f227928b\"><div class=\"gb-inside-container\">\n\n<figure class=\"gb-block-image gb-block-image-3fdfc3a5\"><img decoding=\"async\" class=\"gb-image gb-image-3fdfc3a5 tablet-show\" src=\"http:\/\/www.mymusicstaff.com\/wp-content\/uploads\/2024\/08\/drag-and-drop-ftr-fr@2x.png\" alt=\"\" title=\"drag&amp;drop@2x\"><\/figure>\n\n\n\n<h2 class=\"wp-block-heading\">Glisser-d\u00e9poser du contenu<\/h2>\n\n\n\n<p class=\"p-style\">Avec des blocs de construction tels que des titres, du texte et des m\u00e9dias, des galeries de photos, des cartes et bien plus encore, vous pouvez cr\u00e9er la mise en page parfaite simplement en les d\u00e9posant sur la page ! D\u00e9placez les sections vers le haut ou vers le bas, supprimez ce qui n&rsquo;est pas n\u00e9cessaire et ajoutez du texte directement dans l&rsquo;\u00e9diteur visuel. <\/p>\n\n<\/div><\/div><\/div>\n\n<div class=\"gb-grid-column gb-grid-column-e605fe6f\"><div class=\"gb-container gb-container-e605fe6f\"><div class=\"gb-inside-container\">\n\n<figure class=\"gb-block-image gb-block-image-7b7741a8\"><img decoding=\"async\" class=\"gb-image gb-image-7b7741a8 tablet-hide\" src=\"http:\/\/www.mymusicstaff.com\/wp-content\/uploads\/2024\/08\/drag-and-drop-ftr-fr@2x.png\" alt=\"\" title=\"drag&amp;drop@2x\"><\/figure>\n\n<\/div><\/div><\/div>\n<\/div>\n<\/div><\/div><div data-aos=\"fade-up\" class=\"gb-container gb-container-5e3e3f29 tablet-hide\"><div class=\"gb-inside-container\">\n<div class=\"gb-grid-wrapper gb-grid-wrapper-c66a1660\">\n<div class=\"gb-grid-column gb-grid-column-1ef5cce4\"><div class=\"gb-container gb-container-1ef5cce4\"><div class=\"gb-inside-container\"><\/div><\/div><\/div>\n\n<div class=\"gb-grid-column gb-grid-column-896ca1e7\"><div class=\"gb-container gb-container-896ca1e7\"><div class=\"gb-inside-container\">\n<div class=\"wp-block-image\">\n<figure class=\"alignright size-full\"><img loading=\"lazy\" decoding=\"async\" width=\"358\" height=\"295\" src=\"http:\/\/www.mymusicstaff.com\/wp-content\/uploads\/2022\/07\/yellow-dot-bg.png\" alt=\"\" class=\"wp-image-3523\" srcset=\"https:\/\/www.mymusicstaff.com\/wp-content\/uploads\/2022\/07\/yellow-dot-bg.png 358w, https:\/\/www.mymusicstaff.com\/wp-content\/uploads\/2022\/07\/yellow-dot-bg-300x247.png 300w\" sizes=\"auto, (max-width: 358px) 100vw, 358px\" \/><\/figure>\n<\/div>\n<\/div><\/div><\/div>\n<\/div>\n<\/div><\/div><div data-aos=\"fade-up\" class=\"gb-container gb-container-89b6df2e\"><div class=\"gb-inside-container\">\n<div class=\"gb-grid-wrapper gb-grid-wrapper-ec615136\">\n<div class=\"gb-grid-column gb-grid-column-66f481a0\"><div class=\"gb-container gb-container-66f481a0\"><div class=\"gb-inside-container\">\n\n<figure class=\"gb-block-image gb-block-image-5f0ce32a\"><img decoding=\"async\" class=\"gb-image gb-image-5f0ce32a\" src=\"http:\/\/www.mymusicstaff.com\/wp-content\/uploads\/2024\/08\/sign-up-ftr-fr@2x.png\" alt=\"\" title=\"sign-up-new-students@2x\"><\/figure>\n\n<\/div><\/div><\/div>\n\n<div class=\"gb-grid-column gb-grid-column-44911dd2\"><div class=\"gb-container gb-container-44911dd2\"><div class=\"gb-inside-container\">\n\n<h2 class=\"wp-block-heading\">Inscrivez de nouveaux \u00e9tudiants<\/h2>\n\n\n\n<p class=\"p-style\">Recueillez des informations sur les nouveaux \u00e9tudiants qui seront automatiquement ajout\u00e9es \u00e0 votre compte MMS ! Personnalisez votre formulaire d&rsquo;inscription pour les nouveaux \u00e9l\u00e8ves directement sur votre site web &#8211; s\u00e9lectionnez des champs optionnels suppl\u00e9mentaires ou cr\u00e9ez les v\u00f4tres. Choisissez de recueillir les d\u00e9tails du paiement ou de facturer un acompte, et demandez aux familles d&rsquo;accepter les politiques de votre studio.  <\/p>\n\n<\/div><\/div><\/div>\n<\/div>\n<\/div><\/div><div data-aos=\"fade-up\" class=\"gb-container gb-container-66f61be0\"><div class=\"gb-inside-container\">\n<div class=\"gb-grid-wrapper gb-grid-wrapper-b1dd86a3\">\n<div class=\"gb-grid-column gb-grid-column-6d5f3f7d\"><div class=\"gb-container gb-container-6d5f3f7d\"><div class=\"gb-inside-container\">\n\n<figure class=\"gb-block-image gb-block-image-b7bc2a71\"><img loading=\"lazy\" decoding=\"async\" width=\"939\" height=\"887\" class=\"gb-image gb-image-b7bc2a71 tablet-show\" src=\"http:\/\/www.mymusicstaff.com\/wp-content\/uploads\/2024\/04\/use-your-branding@2x.png\" alt=\"\" title=\"use-your-branding@2x\" srcset=\"https:\/\/www.mymusicstaff.com\/wp-content\/uploads\/2024\/04\/use-your-branding@2x.png 939w, https:\/\/www.mymusicstaff.com\/wp-content\/uploads\/2024\/04\/use-your-branding@2x-300x283.png 300w, https:\/\/www.mymusicstaff.com\/wp-content\/uploads\/2024\/04\/use-your-branding@2x-768x725.png 768w\" sizes=\"auto, (max-width: 939px) 100vw, 939px\" \/><\/figure>\n\n\n\n<h2 class=\"wp-block-heading\">Utilisez votre image de marque<\/h2>\n\n\n\n<p class=\"p-style\">Utilisez l&rsquo;image de marque de votre studio pour un aspect coh\u00e9rent et professionnel. Choisissez les couleurs et les polices de votre site web et t\u00e9l\u00e9chargez le logo de votre studio. Vous souhaitez changer de mod\u00e8le ? Aucun probl\u00e8me ! Tout votre contenu s&rsquo;adaptera automatiquement au nouveau th\u00e8me.    <\/p>\n\n<\/div><\/div><\/div>\n\n<div class=\"gb-grid-column gb-grid-column-6e1012a6\"><div class=\"gb-container gb-container-6e1012a6\"><div class=\"gb-inside-container\">\n\n<figure class=\"gb-block-image gb-block-image-60ed3677\"><img loading=\"lazy\" decoding=\"async\" width=\"939\" height=\"887\" class=\"gb-image gb-image-60ed3677 tablet-hide\" src=\"http:\/\/www.mymusicstaff.com\/wp-content\/uploads\/2024\/04\/use-your-branding@2x.png\" alt=\"\" title=\"use-your-branding@2x\" srcset=\"https:\/\/www.mymusicstaff.com\/wp-content\/uploads\/2024\/04\/use-your-branding@2x.png 939w, https:\/\/www.mymusicstaff.com\/wp-content\/uploads\/2024\/04\/use-your-branding@2x-300x283.png 300w, https:\/\/www.mymusicstaff.com\/wp-content\/uploads\/2024\/04\/use-your-branding@2x-768x725.png 768w\" sizes=\"auto, (max-width: 939px) 100vw, 939px\" \/><\/figure>\n\n<\/div><\/div><\/div>\n<\/div>\n<\/div><\/div><div data-aos=\"fade-up\" class=\"gb-container gb-container-412236a3\"><div class=\"gb-inside-container\">\n<div class=\"gb-grid-wrapper gb-grid-wrapper-eec0cff7\">\n<div class=\"gb-grid-column gb-grid-column-060fb3d7\"><div class=\"gb-container gb-container-060fb3d7\"><div class=\"gb-inside-container\">\n\n<figure class=\"gb-block-image gb-block-image-ba5624a2\"><img loading=\"lazy\" decoding=\"async\" width=\"997\" height=\"1075\" class=\"gb-image gb-image-ba5624a2\" src=\"http:\/\/www.mymusicstaff.com\/wp-content\/uploads\/2024\/04\/mobile-friendly-templates@2x.png\" alt=\"\" title=\"mobile-friendly-templates@2x\" srcset=\"https:\/\/www.mymusicstaff.com\/wp-content\/uploads\/2024\/04\/mobile-friendly-templates@2x.png 997w, https:\/\/www.mymusicstaff.com\/wp-content\/uploads\/2024\/04\/mobile-friendly-templates@2x-278x300.png 278w, https:\/\/www.mymusicstaff.com\/wp-content\/uploads\/2024\/04\/mobile-friendly-templates@2x-950x1024.png 950w, https:\/\/www.mymusicstaff.com\/wp-content\/uploads\/2024\/04\/mobile-friendly-templates@2x-768x828.png 768w\" sizes=\"auto, (max-width: 997px) 100vw, 997px\" \/><\/figure>\n\n<\/div><\/div><\/div>\n\n<div class=\"gb-grid-column gb-grid-column-57a42995\"><div class=\"gb-container gb-container-57a42995\"><div class=\"gb-inside-container\">\n\n<h2 class=\"wp-block-heading\">Mod\u00e8les adapt\u00e9s aux mobiles<\/h2>\n\n\n\n<p class=\"p-style\">Vous \u00eates en d\u00e9placement ? Votre site web est compatible avec les appareils mobiles, de sorte qu&rsquo;il aura toujours fi\u00e8re allure, quelle que soit la taille de l&rsquo;\u00e9cran ! Les mod\u00e8les adaptent automatiquement la mise en page lorsqu&rsquo;ils sont consult\u00e9s sur un appareil mobile.  <\/p>\n\n<\/div><\/div><\/div>\n<\/div>\n<\/div><\/div><div data-aos=\"fade-up\" class=\"gb-container gb-container-28b9b5c7\"><div class=\"gb-inside-container\">\n<div class=\"gb-grid-wrapper gb-grid-wrapper-03b62faa\">\n<div class=\"gb-grid-column gb-grid-column-0962aa0b\"><div class=\"gb-container gb-container-0962aa0b\"><div class=\"gb-inside-container\">\n\n<figure class=\"gb-block-image gb-block-image-8726b65e\"><img loading=\"lazy\" decoding=\"async\" width=\"863\" height=\"889\" class=\"gb-image gb-image-8726b65e tablet-show\" src=\"http:\/\/www.mymusicstaff.com\/wp-content\/uploads\/2024\/04\/manage-media@2x.png\" alt=\"\" title=\"manage-media@2x\" srcset=\"https:\/\/www.mymusicstaff.com\/wp-content\/uploads\/2024\/04\/manage-media@2x.png 863w, https:\/\/www.mymusicstaff.com\/wp-content\/uploads\/2024\/04\/manage-media@2x-291x300.png 291w, https:\/\/www.mymusicstaff.com\/wp-content\/uploads\/2024\/04\/manage-media@2x-768x791.png 768w\" sizes=\"auto, (max-width: 863px) 100vw, 863px\" \/><\/figure>\n\n\n\n<h2 class=\"wp-block-heading\">G\u00e9rez les fichiers multim\u00e9dias<\/h2>\n\n\n\n<p class=\"p-style\">Les images, les vid\u00e9os et bien d&rsquo;autres choses encore peuvent \u00eatre enregistr\u00e9es dans la m\u00e9diath\u00e8que de votre site pour y acc\u00e9der facilement chaque fois que vous en avez besoin ! Vous pouvez \u00e9galement t\u00e9l\u00e9charger des images directement dans l&rsquo;\u00e9diteur visuel de pages ou choisir parmi un certain nombre de photos de stock disponibles. <\/p>\n\n<\/div><\/div><\/div>\n\n<div class=\"gb-grid-column gb-grid-column-bb537d63\"><div class=\"gb-container gb-container-bb537d63\"><div class=\"gb-inside-container\">\n\n<figure class=\"gb-block-image gb-block-image-cfd52cfd\"><img loading=\"lazy\" decoding=\"async\" width=\"863\" height=\"889\" class=\"gb-image gb-image-cfd52cfd tablet-hide\" src=\"http:\/\/www.mymusicstaff.com\/wp-content\/uploads\/2024\/04\/manage-media@2x.png\" alt=\"\" title=\"manage-media@2x\" srcset=\"https:\/\/www.mymusicstaff.com\/wp-content\/uploads\/2024\/04\/manage-media@2x.png 863w, https:\/\/www.mymusicstaff.com\/wp-content\/uploads\/2024\/04\/manage-media@2x-291x300.png 291w, https:\/\/www.mymusicstaff.com\/wp-content\/uploads\/2024\/04\/manage-media@2x-768x791.png 768w\" sizes=\"auto, (max-width: 863px) 100vw, 863px\" \/><\/figure>\n\n<\/div><\/div><\/div>\n<\/div>\n<\/div><\/div><div data-aos=\"fade-up\" class=\"gb-container gb-container-f33ccd21\"><div class=\"gb-inside-container\">\n<div class=\"gb-grid-wrapper gb-grid-wrapper-a64b9738\">\n<div class=\"gb-grid-column gb-grid-column-7378defa\"><div class=\"gb-container gb-container-7378defa\"><div class=\"gb-inside-container\">\n\n<figure class=\"gb-block-image gb-block-image-847f15bf\"><img decoding=\"async\" class=\"gb-image gb-image-847f15bf\" src=\"http:\/\/www.mymusicstaff.com\/wp-content\/uploads\/2024\/08\/website-integration-ftr-fr@2x.png\" alt=\"\" title=\"website-integrate@2x\"><\/figure>\n\n<\/div><\/div><\/div>\n\n<div class=\"gb-grid-column gb-grid-column-a41835b4\"><div class=\"gb-container gb-container-a41835b4\"><div class=\"gb-inside-container\">\n\n<h2 class=\"wp-block-heading\">Widgets pour sites externes<\/h2>\n\n\n\n<p class=\"p-style\">Vous avez d\u00e9j\u00e0 un site web de studio construit avec Wix, Squarespace, WordPress, ou un autre constructeur ? Notre widget d&rsquo;inscription et notre widget de connexion au portail des \u00e9tudiants s&rsquo;int\u00e8grent parfaitement ! Personnalisez votre widget d&rsquo;inscription pour recueillir toutes les informations dont vous avez besoin, et donnez aux familles un endroit pour se connecter au portail des \u00e9tudiants sans quitter votre site.  <\/p>\n\n<\/div><\/div><\/div>\n<\/div>\n<\/div><\/div><div data-aos=\"fade-up\" class=\"gb-container gb-container-714abc69\"><div class=\"gb-inside-container\">\n<div class=\"gb-grid-wrapper gb-grid-wrapper-6344e4d7\">\n<div class=\"gb-grid-column gb-grid-column-a91aeed2\"><header class=\"gb-container gb-container-a91aeed2\"><div class=\"gb-inside-container\">\n\n<h2 class=\"text_background_color\">Commencez votre essai <span>GRATUIT de 30 JOURS<\/span><\/h2>\n\n\n\n<p class=\"credit-card\">Aucune carte de cr\u00e9dit requise<\/p>\n\n\n<div class=\"gb-container gb-container-84908788\"><div class=\"gb-inside-container\">\n<div class=\"gb-button-wrapper gb-button-wrapper-52c55dde\">\n\n<a class=\"gb-button gb-button-afc810a6 gb-button-text yellow-button\" href=\"http:\/\/www.mymusicstaff.com\/fr\/rejoignez-gratuitement\/\">Commencez d\u00e8s aujourd\u2019hui !<\/a>\n\n<\/div>\n<\/div><\/div>\n<\/div><\/header><\/div>\n<\/div>\n<\/div><\/div>","protected":false},"excerpt":{"rendered":"<p>Gestion des \u00e9tudiants Calendrier et pr\u00e9sences Factures et paiements Fonctionnalit\u00e9s d\u2019entreprise Gestion de l&rsquo;apprentissage Multi-enseignants Portail \u00e9tudiant Int\u00e9grations Cr\u00e9ateur du site web Cr\u00e9ateur du site &#8230; <\/p>\n<p class=\"read-more-container\"><a title=\"Cr\u00e9ateur du site web\" class=\"read-more button\" href=\"https:\/\/www.mymusicstaff.com\/fr\/createur-de-site-web\/#more-71890\" aria-label=\"En savoir plus sur Cr\u00e9ateur du site web\">Read More<\/a><\/p>\n","protected":false},"author":6,"featured_media":71035,"parent":0,"menu_order":0,"comment_status":"closed","ping_status":"closed","template":"","meta":{"inline_featured_image":false,"footnotes":""},"class_list":["post-71890","page","type-page","status-publish","has-post-thumbnail"],"_links":{"self":[{"href":"https:\/\/www.mymusicstaff.com\/fr\/wp-json\/wp\/v2\/pages\/71890","targetHints":{"allow":["GET"]}}],"collection":[{"href":"https:\/\/www.mymusicstaff.com\/fr\/wp-json\/wp\/v2\/pages"}],"about":[{"href":"https:\/\/www.mymusicstaff.com\/fr\/wp-json\/wp\/v2\/types\/page"}],"author":[{"embeddable":true,"href":"https:\/\/www.mymusicstaff.com\/fr\/wp-json\/wp\/v2\/users\/6"}],"replies":[{"embeddable":true,"href":"https:\/\/www.mymusicstaff.com\/fr\/wp-json\/wp\/v2\/comments?post=71890"}],"version-history":[{"count":5,"href":"https:\/\/www.mymusicstaff.com\/fr\/wp-json\/wp\/v2\/pages\/71890\/revisions"}],"predecessor-version":[{"id":77341,"href":"https:\/\/www.mymusicstaff.com\/fr\/wp-json\/wp\/v2\/pages\/71890\/revisions\/77341"}],"wp:featuredmedia":[{"embeddable":true,"href":"https:\/\/www.mymusicstaff.com\/fr\/wp-json\/wp\/v2\/media\/71035"}],"wp:attachment":[{"href":"https:\/\/www.mymusicstaff.com\/fr\/wp-json\/wp\/v2\/media?parent=71890"}],"curies":[{"name":"wp","href":"https:\/\/api.w.org\/{rel}","templated":true}]}}