{"id":71884,"date":"2023-10-17T17:08:01","date_gmt":"2023-10-17T17:08:01","guid":{"rendered":"https:\/\/mmsnew.dev.onpressidium.com\/integrations\/"},"modified":"2025-06-10T19:03:46","modified_gmt":"2025-06-10T19:03:46","slug":"integrations","status":"publish","type":"page","link":"https:\/\/www.mymusicstaff.com\/fr\/integrations\/","title":{"rendered":"Int\u00e9grations"},"content":{"rendered":"<div class=\"gb-container gb-container-7aa6265c\"><div class=\"gb-inside-container\">\n<div class=\"gb-container gb-container-db3890d4 align-text-center-features\"><div class=\"gb-inside-container\">\n\n<div class=\"feature-menu-2\">\n<ul class=\"mob-menu\">\n \t<li class=\"features-menu\"><a href=\"http:\/\/www.mymusicstaff.com\/fr\/gestion-des-etudiants\/\">Gestion des \u00e9tudiants<\/a><\/li>\n \t<li class=\"features-menu\"><a href=\"http:\/\/www.mymusicstaff.com\/fr\/calendrier-et-presences\/\">Calendrier et pr\u00e9sences<\/a><\/li>\n \t<li class=\"features-menu\"><a href=\"http:\/\/www.mymusicstaff.com\/fr\/factures-et-paiements\/\">Factures et paiements<\/a><\/li>\n \t<li class=\"features-menu\"><a href=\"http:\/\/www.mymusicstaff.com\/fr\/fonctionnalites-dentreprise\/\">Fonctionnalit\u00e9s d\u2019entreprise<\/a><\/li>\n \t<li class=\"features-menu\"><a href=\"http:\/\/www.mymusicstaff.com\/fr\/gestion-de-lapprentissage\/\">Gestion de l&rsquo;apprentissage<\/a><\/li>\n \t<li class=\"features-menu\"><a href=\"http:\/\/www.mymusicstaff.com\/fr\/multi-enseignants\/\">Multi-enseignants<\/a><\/li>\n \t<li class=\"features-menu\"><a href=\"http:\/\/www.mymusicstaff.com\/fr\/portail-etudiant\/\">Portail \u00c9tudiant<\/a><\/li>\n        <li class=\"current features-menu\"><a href=\"http:\/\/www.mymusicstaff.com\/fr\/integrations\/\">Int\u00e9grations<\/a><\/li>\n        <li class=\"last features-menu\"><a href=\"http:\/\/www.mymusicstaff.com\/fr\/createur-de-site-web\/\">Cr\u00e9ateur du site web<\/a><\/li>\n<\/ul>\n<\/div>\n\n<\/div><\/div>\n\n<div data-aos=\"fade-up\" class=\"gb-container gb-container-fc6371ee\"><div class=\"gb-inside-container\">\n\n<h1 class=\"wp-block-heading has-text-align-center feature-header has-contrast-color has-text-color\">Int\u00e9grations<\/h1>\n\n\n<div class=\"gb-container gb-container-033bdd0e\"><div class=\"gb-inside-container\">\n\n<p class=\"has-text-align-center feature-page-subheader has-medium-font-size\">Connectez My Music Staff \u00e0 vos autres applications et automatisez votre studio <\/p>\n\n<\/div><\/div>\n<\/div><\/div>\n<\/div><div class=\"gb-shapes\"><div class=\"gb-shape gb-shape-1\"><svg xmlns=\"http:\/\/www.w3.org\/2000\/svg\" viewBox=\"0 0 1200 137.6\" preserveAspectRatio=\"none\"><path d=\"M0 137.6h1200V21.9l-66.7 26.7c-66.7 26.7-200 80-333.3 66.7S533.3 21.9 400 4.2C266.7-13.9 133.3 31.1 66.7 53L0 75.3v62.3z\"\/><\/svg><\/div><\/div><\/div><div data-aos=\"fade-up\" class=\"gb-container gb-container-e899c9b4\"><div class=\"gb-inside-container\">\n\n<figure class=\"gb-block-image gb-block-image-e6d5d8a7\"><img decoding=\"async\" class=\"gb-image gb-image-e6d5d8a7\" src=\"http:\/\/www.mymusicstaff.com\/wp-content\/uploads\/2024\/08\/integrations-ftr-fr@2x.png\" alt=\"\" title=\"integrations-hero@2x\"><\/figure>\n\n<\/div><\/div><div data-aos=\"fade-up\" class=\"gb-container gb-container-b888acb6\"><div class=\"gb-inside-container\">\n\n<h2 class=\"text_background_color\"><span>D\u00e9verrouillez l&rsquo;automatisation<\/span> gr\u00e2ce \u00e0 l&rsquo;int\u00e9gration de tiers<\/h2>\n\n\n\n<p class=\"p-style\" style=\"font-size:18px\">My Music Staff comprend un ensemble complet de fonctionnalit\u00e9s pour vous aider \u00e0 g\u00e9rer votre studio en toute simplicit\u00e9, mais il s&rsquo;int\u00e8gre \u00e9galement \u00e0 certaines applications tierces pour ajouter encore plus de fonctionnalit\u00e9s \u00e0 votre compte !<\/p>\n\n\n<div class=\"gb-container gb-container-ea636631\"><div class=\"gb-inside-container\">\n<div class=\"gb-button-wrapper gb-button-wrapper-a9809165\">\n\n<a class=\"gb-button gb-button-5b99cb9b gb-button-text yellow-button\" href=\"http:\/\/www.mymusicstaff.com\/fr\/rejoignez-gratuitement\/\">Essayez-le gratuitement d\u00e8s aujourd\u2019hui !<\/a>\n\n<\/div>\n<\/div><\/div>\n<\/div><\/div><div data-aos=\"fade-up\" class=\"gb-container gb-container-9d39c55b tablet-hide\"><div class=\"gb-inside-container\">\n\n<figure class=\"wp-block-image size-full\"><img loading=\"lazy\" decoding=\"async\" width=\"359\" height=\"295\" src=\"http:\/\/www.mymusicstaff.com\/wp-content\/uploads\/2022\/07\/hp-blue-dot-background.png\" alt=\"\" class=\"wp-image-3077\" srcset=\"https:\/\/www.mymusicstaff.com\/wp-content\/uploads\/2022\/07\/hp-blue-dot-background.png 359w, https:\/\/www.mymusicstaff.com\/wp-content\/uploads\/2022\/07\/hp-blue-dot-background-300x247.png 300w\" sizes=\"auto, (max-width: 359px) 100vw, 359px\" \/><\/figure>\n\n<\/div><\/div><div data-aos=\"fade-up\" class=\"gb-container gb-container-35492a31\"><div class=\"gb-inside-container\">\n<div class=\"gb-container gb-container-3df6ddd6\"><div class=\"gb-inside-container\">\n<div class=\"gb-grid-wrapper gb-grid-wrapper-c68aad39\">\n<div class=\"gb-grid-column gb-grid-column-2616041c\"><div class=\"gb-container gb-container-2616041c\"><div class=\"gb-inside-container\">\n\n<figure class=\"gb-block-image gb-block-image-b9491720\"><img decoding=\"async\" class=\"gb-image gb-image-b9491720\" src=\"http:\/\/www.mymusicstaff.com\/wp-content\/uploads\/2024\/08\/online-pay-ftr-fr@2x.png\" alt=\"\" title=\"collect-online-payments@2x\"><\/figure>\n\n<\/div><\/div><\/div>\n\n<div class=\"gb-grid-column gb-grid-column-9978af6f\"><div class=\"gb-container gb-container-9978af6f\"><div class=\"gb-inside-container\">\n\n<h2 class=\"wp-block-heading\">Collectez les paiements en ligne<\/h2>\n\n\n\n<p class=\"p-style\">My Music Staff s&rsquo;int\u00e8gre parfaitement avec les processeurs de paiement s\u00e9curis\u00e9s Stripe et PayPal pour vous aider \u00e0 \u00eatre pay\u00e9 \u00e0 temps, \u00e0 chaque fois. Les familles peuvent payer en quelques clics ou simplifier encore plus le processus avec Auto Pay \u2013 gagnez des heures chaque mois ! <\/p>\n\n<\/div><\/div><\/div>\n<\/div>\n<\/div><\/div>\n<\/div><\/div><div data-aos=\"fade-up\" class=\"gb-container gb-container-fc84779d\"><div class=\"gb-inside-container\">\n<div class=\"gb-grid-wrapper gb-grid-wrapper-41a3c7f9\">\n<div class=\"gb-grid-column gb-grid-column-f227928b\"><div class=\"gb-container gb-container-f227928b\"><div class=\"gb-inside-container\">\n\n<figure class=\"gb-block-image gb-block-image-3fdfc3a5\"><img decoding=\"async\" class=\"gb-image gb-image-3fdfc3a5 tablet-show\" src=\"http:\/\/www.mymusicstaff.com\/wp-content\/uploads\/2024\/08\/calendar-sync-ftr-fr@2x.png\" alt=\"\" title=\"sync-calendar-2@2x\"><\/figure>\n\n\n\n<h2 class=\"wp-block-heading\">Synchronisez votre calendrier<\/h2>\n\n\n\n<p class=\"p-style\">My Music Staff s\u2019int\u00e8gre \u00e0 Google Calendar, iCalendar et plus encore. Gr\u00e2ce \u00e0 la synchronisation bidirectionnelle, vos le\u00e7ons My Music Staff s\u2019affichent dans votre calendrier personnel, et vos \u00e9v\u00e9nements personnels apparaissent dans My Music Staff afin d\u2019\u00e9viter les conflits de r\u00e9servation. <\/p>\n\n<\/div><\/div><\/div>\n\n<div class=\"gb-grid-column gb-grid-column-e605fe6f\"><div class=\"gb-container gb-container-e605fe6f\"><div class=\"gb-inside-container\">\n\n<figure class=\"gb-block-image gb-block-image-7b7741a8\"><img decoding=\"async\" class=\"gb-image gb-image-7b7741a8 tablet-hide\" src=\"http:\/\/www.mymusicstaff.com\/wp-content\/uploads\/2024\/08\/calendar-sync-ftr-fr@2x.png\" alt=\"\" title=\"sync-calendar-2@2x\"><\/figure>\n\n<\/div><\/div><\/div>\n<\/div>\n<\/div><\/div><div data-aos=\"fade-up\" class=\"gb-container gb-container-5e3e3f29 tablet-hide\"><div class=\"gb-inside-container\">\n<div class=\"gb-grid-wrapper gb-grid-wrapper-c66a1660\">\n<div class=\"gb-grid-column gb-grid-column-1ef5cce4\"><div class=\"gb-container gb-container-1ef5cce4\"><div class=\"gb-inside-container\"><\/div><\/div><\/div>\n\n<div class=\"gb-grid-column gb-grid-column-896ca1e7\"><div class=\"gb-container gb-container-896ca1e7\"><div class=\"gb-inside-container\">\n<div class=\"wp-block-image\">\n<figure class=\"alignright size-full\"><img loading=\"lazy\" decoding=\"async\" width=\"358\" height=\"295\" src=\"http:\/\/www.mymusicstaff.com\/wp-content\/uploads\/2022\/07\/yellow-dot-bg.png\" alt=\"\" class=\"wp-image-3523\" srcset=\"https:\/\/www.mymusicstaff.com\/wp-content\/uploads\/2022\/07\/yellow-dot-bg.png 358w, https:\/\/www.mymusicstaff.com\/wp-content\/uploads\/2022\/07\/yellow-dot-bg-300x247.png 300w\" sizes=\"auto, (max-width: 358px) 100vw, 358px\" \/><\/figure>\n<\/div>\n<\/div><\/div><\/div>\n<\/div>\n<\/div><\/div><div data-aos=\"fade-up\" class=\"gb-container gb-container-a48ec8b1\"><div class=\"gb-inside-container\">\n<div class=\"gb-grid-wrapper gb-grid-wrapper-4bc86a53\">\n<div class=\"gb-grid-column gb-grid-column-5c132aaf\"><div class=\"gb-container gb-container-5c132aaf\"><div class=\"gb-inside-container\">\n\n<figure class=\"gb-block-image gb-block-image-dc9380e4\"><img loading=\"lazy\" decoding=\"async\" width=\"663\" height=\"689\" class=\"gb-image gb-image-dc9380e4\" src=\"http:\/\/www.mymusicstaff.com\/wp-content\/uploads\/2025\/04\/teach-online-lessons-v3@2x.png\" alt=\"\" title=\"teach-online-lessons-v3@2x\" srcset=\"https:\/\/www.mymusicstaff.com\/wp-content\/uploads\/2025\/04\/teach-online-lessons-v3@2x.png 663w, https:\/\/www.mymusicstaff.com\/wp-content\/uploads\/2025\/04\/teach-online-lessons-v3@2x-289x300.png 289w\" sizes=\"auto, (max-width: 663px) 100vw, 663px\" \/><\/figure>\n\n<\/div><\/div><\/div>\n\n<div class=\"gb-grid-column gb-grid-column-ee9809d5\"><div class=\"gb-container gb-container-ee9809d5\"><div class=\"gb-inside-container\">\n\n<h2 class=\"wp-block-heading\">Enseignez des le\u00e7ons en ligne<\/h2>\n\n\n\n<p class=\"p-style\">Vous pouvez enregistrer des identifiants FaceTime ou des liens de r\u00e9union virtuelle (comme un lien Zoom) pour rejoindre vos le\u00e7ons directement depuis le calendrier. De plus, ajoutez automatiquement les liens de r\u00e9union dans les rappels de le\u00e7on pour que les \u00e9l\u00e8ves puissent se connecter en un seul clic ! <\/p>\n\n<\/div><\/div><\/div>\n<\/div>\n<\/div><\/div><div data-aos=\"fade-up\" class=\"gb-container gb-container-66f61be0\"><div class=\"gb-inside-container\">\n<div class=\"gb-grid-wrapper gb-grid-wrapper-b1dd86a3\">\n<div class=\"gb-grid-column gb-grid-column-6d5f3f7d\"><div class=\"gb-container gb-container-6d5f3f7d\"><div class=\"gb-inside-container\">\n\n<figure class=\"gb-block-image gb-block-image-b7bc2a71\"><img decoding=\"async\" class=\"gb-image gb-image-b7bc2a71 tablet-show\" src=\"http:\/\/www.mymusicstaff.com\/wp-content\/uploads\/2024\/08\/website-integration-ftr-fr@2x.png\" alt=\"\" title=\"website-integrate@2x\"><\/figure>\n\n\n\n<h2 class=\"wp-block-heading\">Fonctionne avec votre site web<\/h2>\n\n\n\n<p class=\"p-style\">Vous avez un site web construit avec Wix, Squarespace, WordPress, ou un autre constructeur ? Notre widget d&rsquo;inscription et le widget de connexion au Portail \u00e9tudiant s&rsquo;int\u00e8grent parfaitement ! Collectez les informations des nouveaux \u00e9tudiants qui s&rsquo;ajoutent automatiquement \u00e0 votre compte MMS, et offrez aux familles un endroit pour se connecter \u2013 sans quitter votre site.  <\/p>\n\n<\/div><\/div><\/div>\n\n<div class=\"gb-grid-column gb-grid-column-6e1012a6\"><div class=\"gb-container gb-container-6e1012a6\"><div class=\"gb-inside-container\">\n\n<figure class=\"gb-block-image gb-block-image-60ed3677\"><img decoding=\"async\" class=\"gb-image gb-image-60ed3677 tablet-hide\" src=\"http:\/\/www.mymusicstaff.com\/wp-content\/uploads\/2024\/08\/website-integration-ftr-fr@2x.png\" alt=\"\" title=\"website-integrate@2x\"><\/figure>\n\n<\/div><\/div><\/div>\n<\/div>\n<\/div><\/div><div data-aos=\"fade-up\" class=\"gb-container gb-container-89b6df2e\"><div class=\"gb-inside-container\">\n<div class=\"gb-grid-wrapper gb-grid-wrapper-ec615136\">\n<div class=\"gb-grid-column gb-grid-column-66f481a0\"><div class=\"gb-container gb-container-66f481a0\"><div class=\"gb-inside-container\">\n\n<figure class=\"gb-block-image gb-block-image-5f0ce32a\"><img loading=\"lazy\" decoding=\"async\" width=\"749\" height=\"585\" class=\"gb-image gb-image-5f0ce32a\" src=\"http:\/\/www.mymusicstaff.com\/wp-content\/uploads\/2023\/10\/zap-your-apps@2x.png\" alt=\"\" title=\"zap-your-apps@2x\" srcset=\"https:\/\/www.mymusicstaff.com\/wp-content\/uploads\/2023\/10\/zap-your-apps@2x.png 749w, https:\/\/www.mymusicstaff.com\/wp-content\/uploads\/2023\/10\/zap-your-apps@2x-300x234.png 300w\" sizes=\"auto, (max-width: 749px) 100vw, 749px\" \/><\/figure>\n\n<\/div><\/div><\/div>\n\n<div class=\"gb-grid-column gb-grid-column-44911dd2\"><div class=\"gb-container gb-container-44911dd2\"><div class=\"gb-inside-container\">\n\n<h2 class=\"wp-block-heading\">Connectez-vous \u00e0 vos applications<\/h2>\n\n\n\n<p class=\"p-style\">Zapier est un service qui vous permet de connecter des applications entre elles et de cr\u00e9er des flux de travail personnalis\u00e9s. Avec des milliers d&rsquo;applications disponibles sur Zapier, vous pouvez cr\u00e9er des zaps entre My Music Staff et vos autres applications pr\u00e9f\u00e9r\u00e9es pour automatiser encore plus votre studio !  <br\/><a href=\"http:\/\/www.mymusicstaff.com\/zapier-integration\/\">Learn more<\/a><\/p>\n\n<\/div><\/div><\/div>\n<\/div>\n<\/div><\/div><div data-aos=\"fade-up\" class=\"gb-container gb-container-21e809a1\"><div class=\"gb-inside-container\">\n<div class=\"gb-grid-wrapper gb-grid-wrapper-40a332f8\">\n<div class=\"gb-grid-column gb-grid-column-f3103a89\"><div class=\"gb-container gb-container-f3103a89\"><div class=\"gb-inside-container\">\n\n<figure class=\"gb-block-image gb-block-image-e81b06b0\"><img loading=\"lazy\" decoding=\"async\" width=\"1187\" height=\"800\" class=\"gb-image gb-image-e81b06b0 tablet-show\" src=\"http:\/\/www.mymusicstaff.com\/wp-content\/uploads\/2023\/10\/musicshop360-integration@2x.png\" alt=\"\" title=\"musicshop360-integration@2x\" srcset=\"https:\/\/www.mymusicstaff.com\/wp-content\/uploads\/2023\/10\/musicshop360-integration@2x.png 1187w, https:\/\/www.mymusicstaff.com\/wp-content\/uploads\/2023\/10\/musicshop360-integration@2x-300x202.png 300w, https:\/\/www.mymusicstaff.com\/wp-content\/uploads\/2023\/10\/musicshop360-integration@2x-1024x690.png 1024w, https:\/\/www.mymusicstaff.com\/wp-content\/uploads\/2023\/10\/musicshop360-integration@2x-768x518.png 768w\" sizes=\"auto, (max-width: 1187px) 100vw, 1187px\" \/><\/figure>\n\n\n\n<h2 class=\"wp-block-heading\">G\u00e9rez votre magasin de musique<\/h2>\n\n\n\n<p class=\"p-style\">Vous g\u00e9rez un programme de le\u00e7ons dans votre magasin de musique ? MusicShop360 est votre solution de point de vente tout-en-un pour la gestion des magasins de musique. Avec notre int\u00e9gration, utilisez My Music Staff pour g\u00e9rer vos \u00e9tudiants et la planification, et MusicShop360 pour g\u00e9rer l&rsquo;inventaire de votre magasin, les finances, et plus encore !  <\/p>\n\n<\/div><\/div><\/div>\n\n<div class=\"gb-grid-column gb-grid-column-6b63634d\"><div class=\"gb-container gb-container-6b63634d\"><div class=\"gb-inside-container\">\n\n<figure class=\"gb-block-image gb-block-image-ac9b42d4\"><img loading=\"lazy\" decoding=\"async\" width=\"1187\" height=\"800\" class=\"gb-image gb-image-ac9b42d4 tablet-hide\" src=\"http:\/\/www.mymusicstaff.com\/wp-content\/uploads\/2023\/10\/musicshop360-integration@2x.png\" alt=\"\" title=\"musicshop360-integration@2x\" srcset=\"https:\/\/www.mymusicstaff.com\/wp-content\/uploads\/2023\/10\/musicshop360-integration@2x.png 1187w, https:\/\/www.mymusicstaff.com\/wp-content\/uploads\/2023\/10\/musicshop360-integration@2x-300x202.png 300w, https:\/\/www.mymusicstaff.com\/wp-content\/uploads\/2023\/10\/musicshop360-integration@2x-1024x690.png 1024w, https:\/\/www.mymusicstaff.com\/wp-content\/uploads\/2023\/10\/musicshop360-integration@2x-768x518.png 768w\" sizes=\"auto, (max-width: 1187px) 100vw, 1187px\" \/><\/figure>\n\n<\/div><\/div><\/div>\n<\/div>\n<\/div><\/div><div data-aos=\"fade-up\" class=\"gb-container gb-container-714abc69\"><div class=\"gb-inside-container\">\n<div class=\"gb-grid-wrapper gb-grid-wrapper-6344e4d7\">\n<div class=\"gb-grid-column gb-grid-column-a91aeed2\"><header class=\"gb-container gb-container-a91aeed2\"><div class=\"gb-inside-container\">\n\n<h2 class=\"text_background_color\">Commencez votre essai <span>GRATUIT de 30 JOURS<\/span><\/h2>\n\n\n\n<p class=\"credit-card\">Aucune carte de cr\u00e9dit requise<\/p>\n\n\n<div class=\"gb-container gb-container-84908788\"><div class=\"gb-inside-container\">\n<div class=\"gb-button-wrapper gb-button-wrapper-52c55dde\">\n\n<a class=\"gb-button gb-button-afc810a6 gb-button-text yellow-button\" href=\"http:\/\/www.mymusicstaff.com\/fr\/rejoignez-gratuitement\/\">Commencez d\u00e8s aujourd\u2019hui !<\/a>\n\n<\/div>\n<\/div><\/div>\n<\/div><\/header><\/div>\n<\/div>\n<\/div><\/div>","protected":false},"excerpt":{"rendered":"<p>Gestion des \u00e9tudiants Calendrier et pr\u00e9sences Factures et paiements Fonctionnalit\u00e9s d\u2019entreprise Gestion de l&rsquo;apprentissage Multi-enseignants Portail \u00c9tudiant Int\u00e9grations Cr\u00e9ateur du site web Int\u00e9grations Connectez My &#8230; <\/p>\n<p class=\"read-more-container\"><a title=\"Int\u00e9grations\" class=\"read-more button\" href=\"https:\/\/www.mymusicstaff.com\/fr\/integrations\/#more-71884\" aria-label=\"En savoir plus sur Int\u00e9grations\">Read More<\/a><\/p>\n","protected":false},"author":6,"featured_media":71032,"parent":0,"menu_order":0,"comment_status":"closed","ping_status":"closed","template":"","meta":{"inline_featured_image":false,"footnotes":""},"class_list":["post-71884","page","type-page","status-publish","has-post-thumbnail"],"_links":{"self":[{"href":"https:\/\/www.mymusicstaff.com\/fr\/wp-json\/wp\/v2\/pages\/71884","targetHints":{"allow":["GET"]}}],"collection":[{"href":"https:\/\/www.mymusicstaff.com\/fr\/wp-json\/wp\/v2\/pages"}],"about":[{"href":"https:\/\/www.mymusicstaff.com\/fr\/wp-json\/wp\/v2\/types\/page"}],"author":[{"embeddable":true,"href":"https:\/\/www.mymusicstaff.com\/fr\/wp-json\/wp\/v2\/users\/6"}],"replies":[{"embeddable":true,"href":"https:\/\/www.mymusicstaff.com\/fr\/wp-json\/wp\/v2\/comments?post=71884"}],"version-history":[{"count":5,"href":"https:\/\/www.mymusicstaff.com\/fr\/wp-json\/wp\/v2\/pages\/71884\/revisions"}],"predecessor-version":[{"id":77335,"href":"https:\/\/www.mymusicstaff.com\/fr\/wp-json\/wp\/v2\/pages\/71884\/revisions\/77335"}],"wp:featuredmedia":[{"embeddable":true,"href":"https:\/\/www.mymusicstaff.com\/fr\/wp-json\/wp\/v2\/media\/71032"}],"wp:attachment":[{"href":"https:\/\/www.mymusicstaff.com\/fr\/wp-json\/wp\/v2\/media?parent=71884"}],"curies":[{"name":"wp","href":"https:\/\/api.w.org\/{rel}","templated":true}]}}