{"id":71878,"date":"2022-09-30T14:07:43","date_gmt":"2022-09-30T14:07:43","guid":{"rendered":"https:\/\/mmsnew.dev.onpressidium.com\/portail-etudiant\/"},"modified":"2025-06-10T19:03:22","modified_gmt":"2025-06-10T19:03:22","slug":"portail-etudiant","status":"publish","type":"page","link":"https:\/\/www.mymusicstaff.com\/fr\/portail-etudiant\/","title":{"rendered":"Portail \u00c9tudiant"},"content":{"rendered":"<div class=\"gb-container gb-container-7aa6265c\"><div class=\"gb-inside-container\">\n<div class=\"gb-container gb-container-db3890d4 align-text-center-features\"><div class=\"gb-inside-container\">\n\n<div class=\"feature-menu-2\">\n<ul class=\"mob-menu\">\n \t<li class=\"features-menu\"><a href=\"http:\/\/www.mymusicstaff.com\/fr\/gestion-des-etudiants\/\">Gestion des \u00e9tudiants<\/a><\/li>\n \t<li class=\"features-menu\"><a href=\"http:\/\/www.mymusicstaff.com\/fr\/calendrier-et-presences\/\">Calendrier et pr\u00e9sences<\/a><\/li>\n \t<li class=\"features-menu\"><a href=\"http:\/\/www.mymusicstaff.com\/fr\/factures-et-paiements\/\">Factures et paiements<\/a><\/li>\n \t<li class=\"features-menu\"><a href=\"http:\/\/www.mymusicstaff.com\/fr\/fonctionnalites-dentreprise\/\">Fonctionnalit\u00e9s d\u2019entreprise<\/a><\/li>\n \t<li class=\"features-menu\"><a href=\"http:\/\/www.mymusicstaff.com\/fr\/gestion-de-lapprentissage\/\">Gestion de l&rsquo;apprentissage<\/a><\/li>\n \t<li class=\"features-menu\"><a href=\"http:\/\/www.mymusicstaff.com\/fr\/multi-enseignants\/\">Multi-enseignants<\/a><\/li>\n \t<li class=\"current features-menu\"><a href=\"http:\/\/www.mymusicstaff.com\/fr\/portail-etudiant\/\">Portail \u00c9tudiant<\/a><\/li>\n        <li class=\"features-menu\"><a href=\"http:\/\/www.mymusicstaff.com\/fr\/integrations\/\">Int\u00e9grations<\/a><\/li>\n        <li class=\"last features-menu\"><a href=\"http:\/\/www.mymusicstaff.com\/fr\/createur-de-site-web\/\">Cr\u00e9ateur du site web<\/a><\/li>\n<\/ul>\n<\/div>\n\n<\/div><\/div>\n\n<div data-aos=\"fade-up\" class=\"gb-container gb-container-fc6371ee\"><div class=\"gb-inside-container\">\n\n<h1 class=\"wp-block-heading has-text-align-center feature-header has-contrast-color has-text-color\">Portail \u00c9tudiant<\/h1>\n\n\n<div class=\"gb-container gb-container-033bdd0e\"><div class=\"gb-inside-container\">\n\n<p class=\"has-text-align-center feature-page-subheader has-medium-font-size\">Cr\u00e9ez un <strong>guichet unique<\/strong> pour que les parents et les \u00e9tudiants y acc\u00e8dent en dehors des le\u00e7ons<\/p>\n\n<\/div><\/div>\n<\/div><\/div>\n<\/div><div class=\"gb-shapes\"><div class=\"gb-shape gb-shape-1\"><svg xmlns=\"http:\/\/www.w3.org\/2000\/svg\" viewBox=\"0 0 1200 137.6\" preserveAspectRatio=\"none\"><path d=\"M0 137.6h1200V21.9l-66.7 26.7c-66.7 26.7-200 80-333.3 66.7S533.3 21.9 400 4.2C266.7-13.9 133.3 31.1 66.7 53L0 75.3v62.3z\"\/><\/svg><\/div><\/div><\/div><div data-aos=\"fade-up\" class=\"gb-container gb-container-e899c9b4\"><div class=\"gb-inside-container\">\n\n<figure class=\"gb-block-image gb-block-image-e6d5d8a7\"><img decoding=\"async\" class=\"gb-image gb-image-e6d5d8a7\" src=\"http:\/\/www.mymusicstaff.com\/wp-content\/uploads\/2024\/08\/student-portal-ftr-fr@2x.png\" alt=\"\" title=\"Student-portal-header@2x\"><\/figure>\n\n<\/div><\/div><div data-aos=\"fade-up\" class=\"gb-container gb-container-b888acb6\"><div class=\"gb-inside-container\">\n\n<h2 class=\"text_background_color\"><span>Soutenez vos \u00e9tudiants<\/span> en dehors du temps de le\u00e7on<\/h2>\n\n\n\n<p class=\"p-style\" style=\"font-size:18px\">My Music Staff n&rsquo;est pas r\u00e9serv\u00e9 aux professeurs&#8230; le portail optionnel pour les \u00e9tudiants permet \u00e0 vos familles d&rsquo;avoir des informations sur le studio et les le\u00e7ons \u00e0 port\u00e9e de main. Offrez-leur une exp\u00e9rience transparente du studio &#8211; sans \u00eatre de garde 24 heures sur 24, 7 jours sur 7 ! <\/p>\n\n\n<div class=\"gb-container gb-container-ea636631\"><div class=\"gb-inside-container\">\n<div class=\"gb-button-wrapper gb-button-wrapper-a9809165\">\n\n<a class=\"gb-button gb-button-5b99cb9b gb-button-text yellow-button\" href=\"http:\/\/www.mymusicstaff.com\/fr\/rejoignez-gratuitement\/\">Essayez-le gratuitement d\u00e8s aujourd\u2019hui !<\/a>\n\n<\/div>\n<\/div><\/div>\n<\/div><\/div><div data-aos=\"fade-up\" class=\"gb-container gb-container-9d39c55b tablet-hide\"><div class=\"gb-inside-container\">\n\n<figure class=\"wp-block-image size-full\"><img loading=\"lazy\" decoding=\"async\" width=\"359\" height=\"295\" src=\"http:\/\/www.mymusicstaff.com\/wp-content\/uploads\/2022\/07\/hp-blue-dot-background.png\" alt=\"\" class=\"wp-image-3077\" srcset=\"https:\/\/www.mymusicstaff.com\/wp-content\/uploads\/2022\/07\/hp-blue-dot-background.png 359w, https:\/\/www.mymusicstaff.com\/wp-content\/uploads\/2022\/07\/hp-blue-dot-background-300x247.png 300w\" sizes=\"auto, (max-width: 359px) 100vw, 359px\" \/><\/figure>\n\n<\/div><\/div><div data-aos=\"fade-up\" class=\"gb-container gb-container-d07d7ad8\"><div class=\"gb-inside-container\">\n<style>.kt-blocks-testimonials-wrap5213_62e001-81 .kt-svg-testimonial-global-icon{font-size:30px;}.kt-blocks-testimonials-wrap5213_62e001-81 .kt-testimonial-rating-wrap .kb-svg-icon-wrap{color:#ffd700;font-size:16px;}.kt-blocks-testimonials-wrap5213_62e001-81 .kt-testimonial-grid-wrap{gap:30px;}.kt-blocks-testimonials-wrap5213_62e001-81 .kt-testimonial-item-wrap{padding-top:20px;padding-right:20px;padding-bottom:20px;padding-left:20px;}.kt-blocks-testimonials-wrap5213_62e001-81 .kt-testimonial-content{color:var(--contrast-3);font-size:19px;line-height:43px;font-family:Poppins;font-style:normal;font-weight:300;}.kt-blocks-testimonials-wrap5213_62e001-81 .kt-testimonial-name{color:rgba(45,167,223,0.69);font-size:20px;font-weight:bold;}.kt-blocks-testimonials-wrap5213_62e001-81 .kt-testimonial-occupation{color:var(--contrast-3);font-size:13px;}.kt-blocks-testimonials-wrap5213_62e001-81 .kt-testimonial-item-wrap{max-width:1000px;}@media all and (max-width: 767px){.kt-blocks-testimonials-wrap5213_62e001-81{padding-top:px;padding-bottom:px;margin-top:px;margin-bottom:px;}}<\/style><div class=\"kt-blocks-testimonials-wrap5213_62e001-81 kt-testimonial-halign-center kt-testimonial-style-basic kt-testimonials-media-off kt-testimonials-icon-off kt-testimonial-columns-1 kt-t-xxl-col-1 kt-t-xl-col-1 kt-t-lg-col-1 kt-t-md-col-1 kt-t-sm-col-1 kt-t-xs-col-1 wp-block-kadence-testimonials\"><ul class=\"kt-blocks-testimonials-inner-wrap kt-testimonial-grid-wrap\">\n<li class=\"kt-testimonial-grid-item\"><div class=\"kt-testimonial-item-wrap kt-testimonial-item-5213_69a7ff-44 wp-block-kadence-testimonial\"><div class=\"kt-testimonial-text-wrap\"><div class=\"kt-testimonial-content-wrap\"><blockquote class=\"kt-testimonial-content\"><em>\u00ab\u00a0Le portail des \u00e9tudiants est absolument fantastique, et le fait que les parents puissent se connecter pour voir ce qui doit \u00eatre pratiqu\u00e9 est extraordinaire. Les parents peuvent v\u00e9rifier l&rsquo;assiduit\u00e9 et voir exactement pour quelles le\u00e7ons ils sont factur\u00e9s.\u00a0\u00bb <\/em><\/blockquote><\/div><\/div><div class=\"kt-testimonial-meta-wrap\"><div class=\"kt-testimonial-meta-name-wrap\"><div class=\"kt-testimonial-name-wrap\"><div class=\"kt-testimonial-name\">&#8211; Chris W.<\/div><\/div><\/div><\/div><\/div><\/li>\n<\/ul><\/div>\n<\/div><\/div><div data-aos=\"fade-up\" class=\"gb-container gb-container-35492a31\"><div class=\"gb-inside-container\">\n<div class=\"gb-container gb-container-3df6ddd6\"><div class=\"gb-inside-container\">\n<div class=\"gb-grid-wrapper gb-grid-wrapper-c68aad39\">\n<div class=\"gb-grid-column gb-grid-column-2616041c\"><div class=\"gb-container gb-container-2616041c\"><div class=\"gb-inside-container\">\n\n<figure class=\"gb-block-image gb-block-image-b9491720\"><img decoding=\"async\" class=\"gb-image gb-image-b9491720\" src=\"http:\/\/www.mymusicstaff.com\/wp-content\/uploads\/2024\/08\/self-schedule-ftr-fr@2x.png\" alt=\"\" title=\"self-schedule@2x\"><\/figure>\n\n<\/div><\/div><\/div>\n\n<div class=\"gb-grid-column gb-grid-column-9978af6f\"><div class=\"gb-container gb-container-9978af6f\"><div class=\"gb-inside-container\">\n\n<h2 class=\"wp-block-heading\">Laissez les familles planifier elles-m\u00eames<\/h2>\n\n\n\n<p class=\"p-style\">Ne passez plus votre temps libre \u00e0 ajuster et d\u00e9placer les cours &#8211; confiez cette responsabilit\u00e9 \u00e0 vos familles ! Cr\u00e9ez des cr\u00e9neaux de cours ouverts auxquels les \u00e9l\u00e8ves peuvent s&rsquo;inscrire, cr\u00e9ez automatiquement des cours de rattrapage en cas d&rsquo;annulation, mettez en place des cours collectifs, et bien plus encore. <\/p>\n\n<\/div><\/div><\/div>\n<\/div>\n<\/div><\/div>\n<\/div><\/div><div data-aos=\"fade-up\" class=\"gb-container gb-container-fc84779d\"><div class=\"gb-inside-container\">\n<div class=\"gb-grid-wrapper gb-grid-wrapper-41a3c7f9\">\n<div class=\"gb-grid-column gb-grid-column-f227928b\"><div class=\"gb-container gb-container-f227928b\"><div class=\"gb-inside-container\">\n\n<figure class=\"gb-block-image gb-block-image-3fdfc3a5\"><img decoding=\"async\" class=\"gb-image gb-image-3fdfc3a5 tablet-show\" src=\"http:\/\/www.mymusicstaff.com\/wp-content\/uploads\/2024\/08\/custom-policies-ftr-fr@2x.png\" alt=\"\" title=\"policies-and-settings@2x\"><\/figure>\n\n\n\n<h2 class=\"wp-block-heading\">Personnalisez les politiques et les param\u00e8tres<\/h2>\n\n\n\n<p class=\"p-style\">Faites en sorte que My Music Staff travaille pour vous, et non l&rsquo;inverse. Choisissez vos propres param\u00e8tres et d\u00e9lais en fonction de la politique de votre studio. La gestion des inscriptions, des annulations et des cr\u00e9dits de rattrapage ne pourrait pas \u00eatre plus facile !  <\/p>\n\n<\/div><\/div><\/div>\n\n<div class=\"gb-grid-column gb-grid-column-e605fe6f\"><div class=\"gb-container gb-container-e605fe6f\"><div class=\"gb-inside-container\">\n\n<figure class=\"gb-block-image gb-block-image-7b7741a8\"><img decoding=\"async\" class=\"gb-image gb-image-7b7741a8 tablet-hide\" src=\"http:\/\/www.mymusicstaff.com\/wp-content\/uploads\/2024\/08\/custom-policies-ftr-fr@2x.png\" alt=\"\" title=\"policies-and-settings@2x\"><\/figure>\n\n<\/div><\/div><\/div>\n<\/div>\n<\/div><\/div><div data-aos=\"fade-up\" class=\"gb-container gb-container-5e3e3f29 tablet-hide\"><div class=\"gb-inside-container\">\n<div class=\"gb-grid-wrapper gb-grid-wrapper-c66a1660\">\n<div class=\"gb-grid-column gb-grid-column-1ef5cce4\"><div class=\"gb-container gb-container-1ef5cce4\"><div class=\"gb-inside-container\"><\/div><\/div><\/div>\n\n<div class=\"gb-grid-column gb-grid-column-896ca1e7\"><div class=\"gb-container gb-container-896ca1e7\"><div class=\"gb-inside-container\">\n<div class=\"wp-block-image\">\n<figure class=\"alignright size-full\"><img loading=\"lazy\" decoding=\"async\" width=\"358\" height=\"295\" src=\"http:\/\/www.mymusicstaff.com\/wp-content\/uploads\/2022\/07\/yellow-dot-bg.png\" alt=\"\" class=\"wp-image-3523\" srcset=\"https:\/\/www.mymusicstaff.com\/wp-content\/uploads\/2022\/07\/yellow-dot-bg.png 358w, https:\/\/www.mymusicstaff.com\/wp-content\/uploads\/2022\/07\/yellow-dot-bg-300x247.png 300w\" sizes=\"auto, (max-width: 358px) 100vw, 358px\" \/><\/figure>\n<\/div>\n<\/div><\/div><\/div>\n<\/div>\n<\/div><\/div><div data-aos=\"fade-up\" class=\"gb-container gb-container-89b6df2e\"><div class=\"gb-inside-container\">\n<div class=\"gb-grid-wrapper gb-grid-wrapper-ec615136\">\n<div class=\"gb-grid-column gb-grid-column-66f481a0\"><div class=\"gb-container gb-container-66f481a0\"><div class=\"gb-inside-container\">\n\n<figure class=\"gb-block-image gb-block-image-5f0ce32a\"><img decoding=\"async\" class=\"gb-image gb-image-5f0ce32a\" src=\"http:\/\/www.mymusicstaff.com\/wp-content\/uploads\/2024\/08\/allow-online-payftr-fr@2x.png\" alt=\"\" title=\"Online-payments@2x\"><\/figure>\n\n<\/div><\/div><\/div>\n\n<div class=\"gb-grid-column gb-grid-column-44911dd2\"><div class=\"gb-container gb-container-44911dd2\"><div class=\"gb-inside-container\">\n\n<h2 class=\"wp-block-heading\">Permettez les paiements en ligne<\/h2>\n\n\n\n<p class=\"p-style\">Facilitez encore plus le paiement des parents ! Si vous utilisez notre int\u00e9gration Stripe ou PayPal, vous pouvez permettre aux parents de payer directement via le portail. Vous n&rsquo;utilisez pas les paiements en ligne ? Les parents peuvent toujours acc\u00e9der au solde de leur compte et \u00e0 leurs factures afin de toujours savoir combien ils doivent !   <\/p>\n\n<\/div><\/div><\/div>\n<\/div>\n<\/div><\/div><div data-aos=\"fade-up\" class=\"gb-container gb-container-66f61be0\"><div class=\"gb-inside-container\">\n<div class=\"gb-grid-wrapper gb-grid-wrapper-b1dd86a3\">\n<div class=\"gb-grid-column gb-grid-column-6d5f3f7d\"><div class=\"gb-container gb-container-6d5f3f7d\"><div class=\"gb-inside-container\">\n\n<figure class=\"gb-block-image gb-block-image-b7bc2a71\"><img decoding=\"async\" class=\"gb-image gb-image-b7bc2a71 tablet-show\" src=\"http:\/\/www.mymusicstaff.com\/wp-content\/uploads\/2024\/08\/record-practice-ftr-fr@2x.png\" alt=\"\" title=\"record-practice@2x\"><\/figure>\n\n\n\n<h2 class=\"wp-block-heading\">Enregistrez les s\u00e9ances de pratique<\/h2>\n\n\n\n<p class=\"p-style\">Vos \u00e9l\u00e8ves savent-ils vraiment combien de temps ils s&rsquo;entra\u00eenent ? Gr\u00e2ce \u00e0 la fonction Journal d&rsquo;entra\u00eenement de My Music Staff, ils peuvent enregistrer le temps qu&rsquo;ils passent \u00e0 s&rsquo;entra\u00eener, prendre des notes et vous poser des questions. Les \u00e9l\u00e8ves peuvent ajouter manuellement du temps ou utiliser le minuteur int\u00e9gr\u00e9. Ils peuvent \u00e9galement t\u00e9l\u00e9charger des fichiers, comme une vid\u00e9o de leur s\u00e9ance d&rsquo;entra\u00eenement, pour que vous puissiez les visionner !   <\/p>\n\n<\/div><\/div><\/div>\n\n<div class=\"gb-grid-column gb-grid-column-6e1012a6\"><div class=\"gb-container gb-container-6e1012a6\"><div class=\"gb-inside-container\">\n\n<figure class=\"gb-block-image gb-block-image-60ed3677\"><img decoding=\"async\" class=\"gb-image gb-image-60ed3677 tablet-hide\" src=\"http:\/\/www.mymusicstaff.com\/wp-content\/uploads\/2024\/08\/record-practice-ftr-fr@2x.png\" alt=\"\" title=\"record-practice@2x\"><\/figure>\n\n<\/div><\/div><\/div>\n<\/div>\n<\/div><\/div><div data-aos=\"fade-up\" class=\"gb-container gb-container-714abc69\"><div class=\"gb-inside-container\">\n<div class=\"gb-grid-wrapper gb-grid-wrapper-6344e4d7\">\n<div class=\"gb-grid-column gb-grid-column-a91aeed2\"><header class=\"gb-container gb-container-a91aeed2\"><div class=\"gb-inside-container\">\n\n<h2 class=\"text_background_color\">Commencez votre essai <span>GRATUIT de 30 JOURS<\/span><\/h2>\n\n\n\n<p class=\"credit-card\">Aucune carte de cr\u00e9dit requise<\/p>\n\n\n<div class=\"gb-container gb-container-84908788\"><div class=\"gb-inside-container\">\n<div class=\"gb-button-wrapper gb-button-wrapper-52c55dde\">\n\n<a class=\"gb-button gb-button-afc810a6 gb-button-text yellow-button\" href=\"http:\/\/www.mymusicstaff.com\/fr\/rejoignez-gratuitement\/\">Commencez d\u00e8s aujourd\u2019hui !<\/a>\n\n<\/div>\n<\/div><\/div>\n<\/div><\/header><\/div>\n<\/div>\n<\/div><\/div>","protected":false},"excerpt":{"rendered":"<p>Gestion des \u00e9tudiants Calendrier et pr\u00e9sences Factures et paiements Fonctionnalit\u00e9s d\u2019entreprise Gestion de l&rsquo;apprentissage Multi-enseignants Portail \u00c9tudiant Int\u00e9grations Cr\u00e9ateur du site web Portail \u00c9tudiant Cr\u00e9ez &#8230; <\/p>\n<p class=\"read-more-container\"><a title=\"Portail \u00c9tudiant\" class=\"read-more button\" href=\"https:\/\/www.mymusicstaff.com\/fr\/portail-etudiant\/#more-71878\" aria-label=\"En savoir plus sur Portail \u00c9tudiant\">Read More<\/a><\/p>\n","protected":false},"author":6,"featured_media":0,"parent":0,"menu_order":0,"comment_status":"closed","ping_status":"closed","template":"","meta":{"inline_featured_image":false,"footnotes":""},"class_list":["post-71878","page","type-page","status-publish"],"_links":{"self":[{"href":"https:\/\/www.mymusicstaff.com\/fr\/wp-json\/wp\/v2\/pages\/71878","targetHints":{"allow":["GET"]}}],"collection":[{"href":"https:\/\/www.mymusicstaff.com\/fr\/wp-json\/wp\/v2\/pages"}],"about":[{"href":"https:\/\/www.mymusicstaff.com\/fr\/wp-json\/wp\/v2\/types\/page"}],"author":[{"embeddable":true,"href":"https:\/\/www.mymusicstaff.com\/fr\/wp-json\/wp\/v2\/users\/6"}],"replies":[{"embeddable":true,"href":"https:\/\/www.mymusicstaff.com\/fr\/wp-json\/wp\/v2\/comments?post=71878"}],"version-history":[{"count":5,"href":"https:\/\/www.mymusicstaff.com\/fr\/wp-json\/wp\/v2\/pages\/71878\/revisions"}],"predecessor-version":[{"id":77329,"href":"https:\/\/www.mymusicstaff.com\/fr\/wp-json\/wp\/v2\/pages\/71878\/revisions\/77329"}],"wp:attachment":[{"href":"https:\/\/www.mymusicstaff.com\/fr\/wp-json\/wp\/v2\/media?parent=71878"}],"curies":[{"name":"wp","href":"https:\/\/api.w.org\/{rel}","templated":true}]}}