{"id":71866,"date":"2022-09-30T13:39:47","date_gmt":"2022-09-30T13:39:47","guid":{"rendered":"https:\/\/mmsnew.dev.onpressidium.com\/gestion-de-lapprentissage\/"},"modified":"2025-06-10T19:02:37","modified_gmt":"2025-06-10T19:02:37","slug":"gestion-de-lapprentissage","status":"publish","type":"page","link":"https:\/\/www.mymusicstaff.com\/fr\/gestion-de-lapprentissage\/","title":{"rendered":"Gestion de l&rsquo;apprentissage"},"content":{"rendered":"<div class=\"gb-container gb-container-7aa6265c\"><div class=\"gb-inside-container\">\n<div class=\"gb-container gb-container-db3890d4 align-text-center-features\"><div class=\"gb-inside-container\">\n\n<div class=\"feature-menu-2\">\n<ul class=\"mob-menu\">\n \t<li class=\"features-menu\"><a href=\"http:\/\/www.mymusicstaff.com\/fr\/gestion-des-etudiants\/\">Gestion des \u00e9tudiants<\/a><\/li>\n \t<li class=\"features-menu\"><a href=\"http:\/\/www.mymusicstaff.com\/fr\/calendrier-et-presences\/\">Calendrier et pr\u00e9sences<\/a><\/li>\n \t<li class=\"features-menu\"><a href=\"http:\/\/www.mymusicstaff.com\/fr\/factures-et-paiements\/\">Factures et paiements<\/a><\/li>\n \t<li class=\"features-menu\"><a href=\"http:\/\/www.mymusicstaff.com\/fr\/fonctionnalites-dentreprise\/\">Fonctionnalit\u00e9s d\u2019entreprise<\/a><\/li>\n \t<li class=\"current features-menu\"><a href=\"http:\/\/www.mymusicstaff.com\/fr\/gestion-de-lapprentissage\/\">Gestion de l&rsquo;apprentissage<\/a><\/li>\n \t<li class=\"features-menu\"><a href=\"http:\/\/www.mymusicstaff.com\/fr\/multi-enseignants\/\">Multi-enseignants<\/a><\/li>\n \t<li class=\"features-menu\"><a href=\"http:\/\/www.mymusicstaff.com\/fr\/portail-etudiant\/\">Portail \u00c9tudiant<\/a><\/li>\n        <li class=\"features-menu\"><a href=\"http:\/\/www.mymusicstaff.com\/fr\/integrations\/\">Int\u00e9grations<\/a><\/li>\n        <li class=\"last features-menu\"><a href=\"http:\/\/www.mymusicstaff.com\/fr\/createur-de-site-web\/\">Cr\u00e9ateur du site web<\/a><\/li>\n<\/ul>\n<\/div>\n\n<\/div><\/div>\n\n<div data-aos=\"fade-up\" class=\"gb-container gb-container-fc6371ee\"><div class=\"gb-inside-container\">\n\n<h1 class=\"wp-block-heading has-text-align-center feature-header has-contrast-color has-text-color\">Gestion de l&rsquo;apprentissage<\/h1>\n\n\n<div class=\"gb-container gb-container-033bdd0e\"><div class=\"gb-inside-container\">\n\n<p class=\"has-text-align-center feature-page-subheader has-medium-font-size\">Partagez des fichiers, des nouvelles et plus encore directement avec vos \u00e9tudiants<\/p>\n\n<\/div><\/div>\n<\/div><\/div>\n<\/div><div class=\"gb-shapes\"><div class=\"gb-shape gb-shape-1\"><svg xmlns=\"http:\/\/www.w3.org\/2000\/svg\" viewBox=\"0 0 1200 137.6\" preserveAspectRatio=\"none\"><path d=\"M0 137.6h1200V21.9l-66.7 26.7c-66.7 26.7-200 80-333.3 66.7S533.3 21.9 400 4.2C266.7-13.9 133.3 31.1 66.7 53L0 75.3v62.3z\"\/><\/svg><\/div><\/div><\/div><div data-aos=\"fade-up\" class=\"gb-container gb-container-e899c9b4\"><div class=\"gb-inside-container\">\n\n<figure class=\"gb-block-image gb-block-image-e6d5d8a7\"><img decoding=\"async\" class=\"gb-image gb-image-e6d5d8a7\" src=\"http:\/\/www.mymusicstaff.com\/wp-content\/uploads\/2024\/08\/Learning-management-ftr-fr@2x.png\" alt=\"\" title=\"learning-management-header@2x\"><\/figure>\n\n<\/div><\/div><div data-aos=\"fade-up\" class=\"gb-container gb-container-b888acb6\"><div class=\"gb-inside-container\">\n\n<h2 class=\"text_background_color\">Fichiers, vid\u00e9os, livres \u2013 <span>oh l\u00e0 l\u00e0 !<\/span><\/h2>\n\n\n\n<p class=\"p-style\" style=\"font-size:18px\">Combien de fois avez-vous envoy\u00e9 et renvoy\u00e9 le m\u00eame fichier ? Ou qu&rsquo;un \u00e9l\u00e8ve a emprunt\u00e9 le livre que vous veniez d&rsquo;acheter pour ne plus jamais le revoir ? Gardez une trace de tout ce dont vous avez besoin pour vos cours dans My Music Staff !  <\/p>\n\n\n<div class=\"gb-container gb-container-ea636631\"><div class=\"gb-inside-container\">\n<div class=\"gb-button-wrapper gb-button-wrapper-a9809165\">\n\n<a class=\"gb-button gb-button-5b99cb9b gb-button-text yellow-button\" href=\"http:\/\/www.mymusicstaff.com\/fr\/rejoignez-gratuitement\/\">Essayez-le gratuitement d\u00e8s aujourd\u2019hui !<\/a>\n\n<\/div>\n<\/div><\/div>\n<\/div><\/div><div data-aos=\"fade-up\" class=\"gb-container gb-container-9d39c55b tablet-hide\"><div class=\"gb-inside-container\">\n\n<figure class=\"wp-block-image size-full\"><img loading=\"lazy\" decoding=\"async\" width=\"359\" height=\"295\" src=\"http:\/\/www.mymusicstaff.com\/wp-content\/uploads\/2022\/07\/hp-blue-dot-background.png\" alt=\"\" class=\"wp-image-3077\" srcset=\"https:\/\/www.mymusicstaff.com\/wp-content\/uploads\/2022\/07\/hp-blue-dot-background.png 359w, https:\/\/www.mymusicstaff.com\/wp-content\/uploads\/2022\/07\/hp-blue-dot-background-300x247.png 300w\" sizes=\"auto, (max-width: 359px) 100vw, 359px\" \/><\/figure>\n\n<\/div><\/div><div data-aos=\"fade-up\" class=\"gb-container gb-container-d07d7ad8\"><div class=\"gb-inside-container\">\n<style>.kt-blocks-testimonials-wrap5192_72d5b7-f0 .kt-svg-testimonial-global-icon{font-size:30px;}.kt-blocks-testimonials-wrap5192_72d5b7-f0 .kt-testimonial-rating-wrap .kb-svg-icon-wrap{color:#ffd700;font-size:16px;}.kt-blocks-testimonials-wrap5192_72d5b7-f0 .kt-testimonial-grid-wrap{gap:30px;}.kt-blocks-testimonials-wrap5192_72d5b7-f0 .kt-testimonial-item-wrap{padding-top:20px;padding-right:20px;padding-bottom:20px;padding-left:20px;}.kt-blocks-testimonials-wrap5192_72d5b7-f0 .kt-testimonial-content{color:var(--contrast-3);font-size:19px;line-height:43px;font-family:Poppins;font-style:normal;font-weight:300;}.kt-blocks-testimonials-wrap5192_72d5b7-f0 .kt-testimonial-name{color:rgba(45,167,223,0.69);font-size:20px;font-weight:bold;}.kt-blocks-testimonials-wrap5192_72d5b7-f0 .kt-testimonial-occupation{color:var(--contrast-3);font-size:13px;}.kt-blocks-testimonials-wrap5192_72d5b7-f0 .kt-testimonial-item-wrap{max-width:1000px;}@media all and (max-width: 767px){.kt-blocks-testimonials-wrap5192_72d5b7-f0{padding-top:px;padding-bottom:px;margin-top:px;margin-bottom:px;}}<\/style><div class=\"kt-blocks-testimonials-wrap5192_72d5b7-f0 kt-testimonial-halign-center kt-testimonial-style-basic kt-testimonials-media-off kt-testimonials-icon-off kt-testimonial-columns-1 kt-t-xxl-col-1 kt-t-xl-col-1 kt-t-lg-col-1 kt-t-md-col-1 kt-t-sm-col-1 kt-t-xs-col-1 wp-block-kadence-testimonials\"><ul class=\"kt-blocks-testimonials-inner-wrap kt-testimonial-grid-wrap\">\n<li class=\"kt-testimonial-grid-item\"><div class=\"kt-testimonial-item-wrap kt-testimonial-item-5192_97f1d6-1a wp-block-kadence-testimonial\"><div class=\"kt-testimonial-text-wrap\"><div class=\"kt-testimonial-content-wrap\"><blockquote class=\"kt-testimonial-content\"><em>\u00ab\u00a0J&rsquo;ai trouv\u00e9 cette application et elle correspond \u00e0 tout ce dont j&rsquo;avais besoin. Je peux v\u00e9rifier les progr\u00e8s de chaque \u00e9l\u00e8ve, vous pouvez t\u00e9l\u00e9charger le r\u00e9pertoire pour chaque \u00e9l\u00e8ve, ainsi que du mat\u00e9riel \u00e0 t\u00e9l\u00e9charger. Je l&rsquo;adore !\u00a0\u00bb  <\/em><\/blockquote><\/div><\/div><div class=\"kt-testimonial-meta-wrap\"><div class=\"kt-testimonial-meta-name-wrap\"><div class=\"kt-testimonial-name-wrap\"><div class=\"kt-testimonial-name\">&#8211; Vicky L.<\/div><\/div><\/div><\/div><\/div><\/li>\n<\/ul><\/div>\n<\/div><\/div><div data-aos=\"fade-up\" class=\"gb-container gb-container-35492a31\"><div class=\"gb-inside-container\">\n<div class=\"gb-container gb-container-3df6ddd6\"><div class=\"gb-inside-container\">\n<div class=\"gb-grid-wrapper gb-grid-wrapper-c68aad39\">\n<div class=\"gb-grid-column gb-grid-column-2616041c\"><div class=\"gb-container gb-container-2616041c\"><div class=\"gb-inside-container\">\n\n<figure class=\"gb-block-image gb-block-image-b9491720\"><img decoding=\"async\" class=\"gb-image gb-image-b9491720\" src=\"http:\/\/www.mymusicstaff.com\/wp-content\/uploads\/2024\/08\/repertoire-ftr-fr@2x.png\" alt=\"\" title=\"easily-manage-rep@2x\"><\/figure>\n\n<\/div><\/div><\/div>\n\n<div class=\"gb-grid-column gb-grid-column-9978af6f\"><div class=\"gb-container gb-container-9978af6f\"><div class=\"gb-inside-container\">\n\n<h2 class=\"wp-block-heading\">G\u00e9rez facilement le r\u00e9pertoire<\/h2>\n\n\n\n<p class=\"p-style\">Organisez votre vaste biblioth\u00e8que musicale avec des d\u00e9tails sur chaque morceau, notamment le compositeur, le genre, l&rsquo;instrument et bien plus encore ! Attribuez des morceaux aux \u00e9l\u00e8ves lors de la prise des pr\u00e9sences et suivez leurs progr\u00e8s. <\/p>\n\n<\/div><\/div><\/div>\n<\/div>\n<\/div><\/div>\n<\/div><\/div><div data-aos=\"fade-up\" class=\"gb-container gb-container-fc84779d\"><div class=\"gb-inside-container\">\n<div class=\"gb-grid-wrapper gb-grid-wrapper-41a3c7f9\">\n<div class=\"gb-grid-column gb-grid-column-f227928b\"><div class=\"gb-container gb-container-f227928b\"><div class=\"gb-inside-container\">\n\n<figure class=\"gb-block-image gb-block-image-3fdfc3a5\"><img decoding=\"async\" class=\"gb-image gb-image-3fdfc3a5 tablet-show\" src=\"http:\/\/www.mymusicstaff.com\/wp-content\/uploads\/2024\/08\/upload-files-ftr-fr@2x.png\" alt=\"\" title=\"Upload-and-share-files@2x\"><\/figure>\n\n\n\n<h2 class=\"wp-block-heading\">T\u00e9l\u00e9chargez et partagez des fichiers<\/h2>\n\n\n\n<p class=\"p-style\">Fichiers vid\u00e9o, fichiers audio, partitions &#8211; le tout en un seul endroit ! T\u00e9l\u00e9chargez un fichier, attribuez un acc\u00e8s aux \u00e9l\u00e8ves et ils seront automatiquement inform\u00e9s de la disponibilit\u00e9 d&rsquo;une nouvelle ressource. Les \u00e9l\u00e8ves peuvent acc\u00e9der \u00e0 tous les fichiers qui leur sont attribu\u00e9s et les t\u00e9l\u00e9charger via le portail des \u00e9l\u00e8ves. Les formats audio et vid\u00e9o les plus courants peuvent m\u00eame \u00eatre diffus\u00e9s directement sur le portail !   <\/p>\n\n<\/div><\/div><\/div>\n\n<div class=\"gb-grid-column gb-grid-column-e605fe6f\"><div class=\"gb-container gb-container-e605fe6f\"><div class=\"gb-inside-container\">\n\n<figure class=\"gb-block-image gb-block-image-7b7741a8\"><img decoding=\"async\" class=\"gb-image gb-image-7b7741a8 tablet-hide\" src=\"http:\/\/www.mymusicstaff.com\/wp-content\/uploads\/2024\/08\/upload-files-ftr-fr@2x.png\" alt=\"\" title=\"Upload-and-share-files@2x\"><\/figure>\n\n<\/div><\/div><\/div>\n<\/div>\n<\/div><\/div><div data-aos=\"fade-up\" class=\"gb-container gb-container-5e3e3f29 tablet-hide\"><div class=\"gb-inside-container\">\n<div class=\"gb-grid-wrapper gb-grid-wrapper-c66a1660\">\n<div class=\"gb-grid-column gb-grid-column-1ef5cce4\"><div class=\"gb-container gb-container-1ef5cce4\"><div class=\"gb-inside-container\"><\/div><\/div><\/div>\n\n<div class=\"gb-grid-column gb-grid-column-896ca1e7\"><div class=\"gb-container gb-container-896ca1e7\"><div class=\"gb-inside-container\">\n<div class=\"wp-block-image\">\n<figure class=\"alignright size-full\"><img loading=\"lazy\" decoding=\"async\" width=\"358\" height=\"295\" src=\"http:\/\/www.mymusicstaff.com\/wp-content\/uploads\/2022\/07\/yellow-dot-bg.png\" alt=\"\" class=\"wp-image-3523\" srcset=\"https:\/\/www.mymusicstaff.com\/wp-content\/uploads\/2022\/07\/yellow-dot-bg.png 358w, https:\/\/www.mymusicstaff.com\/wp-content\/uploads\/2022\/07\/yellow-dot-bg-300x247.png 300w\" sizes=\"auto, (max-width: 358px) 100vw, 358px\" \/><\/figure>\n<\/div>\n<\/div><\/div><\/div>\n<\/div>\n<\/div><\/div><div data-aos=\"fade-up\" class=\"gb-container gb-container-89b6df2e\"><div class=\"gb-inside-container\">\n<div class=\"gb-grid-wrapper gb-grid-wrapper-ec615136\">\n<div class=\"gb-grid-column gb-grid-column-66f481a0\"><div class=\"gb-container gb-container-66f481a0\"><div class=\"gb-inside-container\">\n\n<figure class=\"gb-block-image gb-block-image-5f0ce32a\"><img decoding=\"async\" class=\"gb-image gb-image-5f0ce32a\" src=\"http:\/\/www.mymusicstaff.com\/wp-content\/uploads\/2024\/08\/lending-library-ftr-fr@2x.png\" alt=\"\" title=\"track-lent-items@2x\"><\/figure>\n\n<\/div><\/div><\/div>\n\n<div class=\"gb-grid-column gb-grid-column-44911dd2\"><div class=\"gb-container gb-container-44911dd2\"><div class=\"gb-inside-container\">\n\n<h2 class=\"wp-block-heading\">Suivez les objets pr\u00eat\u00e9s<\/h2>\n\n\n\n<p class=\"p-style\">Ne perdez plus jamais un livre ! Gardez une trace de tous les documents que vous avez pr\u00eat\u00e9s aux \u00e9l\u00e8ves. Les livres, les instruments et tout ce qu&rsquo;ils empruntent peuvent \u00eatre enregistr\u00e9s dans votre biblioth\u00e8que, avec le nom de la personne \u00e0 qui vous les avez pr\u00eat\u00e9s. De plus, vous verrez des rappels sur votre agenda quotidien lorsque les articles sont dus, de sorte que vous saurez qu&rsquo;il faut les r\u00e9cup\u00e9rer au moment du cours !   <\/p>\n\n<\/div><\/div><\/div>\n<\/div>\n<\/div><\/div><div data-aos=\"fade-up\" class=\"gb-container gb-container-66f61be0\"><div class=\"gb-inside-container\">\n<div class=\"gb-grid-wrapper gb-grid-wrapper-b1dd86a3\">\n<div class=\"gb-grid-column gb-grid-column-6d5f3f7d\"><div class=\"gb-container gb-container-6d5f3f7d\"><div class=\"gb-inside-container\">\n\n<figure class=\"gb-block-image gb-block-image-b7bc2a71\"><img decoding=\"async\" class=\"gb-image gb-image-b7bc2a71 tablet-show\" src=\"http:\/\/www.mymusicstaff.com\/wp-content\/uploads\/2024\/08\/blog-ftr-fr@2x.png\" alt=\"\" title=\"share-whats-important-v2@2x\"><\/figure>\n\n\n\n<h2 class=\"wp-block-heading\">Partagez ce qui est important<\/h2>\n\n\n\n<p class=\"p-style\">Vos familles re\u00e7oivent tellement de courriels chaque jour &#8211; ne laissez pas vos mises \u00e0 jour importantes se perdre ! Mettez vos familles au courant de l&rsquo;actualit\u00e9 des studios dans le portail des \u00e9l\u00e8ves ou sous la forme d&rsquo;un article de blog sur votre site web. Utilisez des cat\u00e9gories de messages et des ic\u00f4nes pour les organiser.  <\/p>\n\n<\/div><\/div><\/div>\n\n<div class=\"gb-grid-column gb-grid-column-6e1012a6\"><div class=\"gb-container gb-container-6e1012a6\"><div class=\"gb-inside-container\">\n\n<figure class=\"gb-block-image gb-block-image-60ed3677\"><img decoding=\"async\" class=\"gb-image gb-image-60ed3677 tablet-hide\" src=\"http:\/\/www.mymusicstaff.com\/wp-content\/uploads\/2024\/08\/blog-ftr-fr@2x.png\" alt=\"\" title=\"share-whats-important-v2@2x\"><\/figure>\n\n<\/div><\/div><\/div>\n<\/div>\n<\/div><\/div><div data-aos=\"fade-up\" class=\"gb-container gb-container-714abc69\"><div class=\"gb-inside-container\">\n<div class=\"gb-grid-wrapper gb-grid-wrapper-6344e4d7\">\n<div class=\"gb-grid-column gb-grid-column-a91aeed2\"><header class=\"gb-container gb-container-a91aeed2\"><div class=\"gb-inside-container\">\n\n<h2 class=\"text_background_color\">Commencez votre essai <span>GRATUIT de 30 JOURS<\/span><\/h2>\n\n\n\n<p class=\"credit-card\">Aucune carte de cr\u00e9dit requise<\/p>\n\n\n<div class=\"gb-container gb-container-84908788\"><div class=\"gb-inside-container\">\n<div class=\"gb-button-wrapper gb-button-wrapper-52c55dde\">\n\n<a class=\"gb-button gb-button-afc810a6 gb-button-text yellow-button\" href=\"http:\/\/www.mymusicstaff.com\/fr\/rejoignez-gratuitement\/\">Commencez d\u00e8s aujourd\u2019hui !<\/a>\n\n<\/div>\n<\/div><\/div>\n<\/div><\/header><\/div>\n<\/div>\n<\/div><\/div>","protected":false},"excerpt":{"rendered":"<p>Gestion des \u00e9tudiants Calendrier et pr\u00e9sences Factures et paiements Fonctionnalit\u00e9s d\u2019entreprise Gestion de l&rsquo;apprentissage Multi-enseignants Portail \u00c9tudiant Int\u00e9grations Cr\u00e9ateur du site web Gestion de l&rsquo;apprentissage &#8230; <\/p>\n<p class=\"read-more-container\"><a title=\"Gestion de l&rsquo;apprentissage\" class=\"read-more button\" href=\"https:\/\/www.mymusicstaff.com\/fr\/gestion-de-lapprentissage\/#more-71866\" aria-label=\"En savoir plus sur Gestion de l&rsquo;apprentissage\">Read More<\/a><\/p>\n","protected":false},"author":6,"featured_media":0,"parent":0,"menu_order":0,"comment_status":"closed","ping_status":"closed","template":"","meta":{"inline_featured_image":false,"footnotes":""},"class_list":["post-71866","page","type-page","status-publish"],"_links":{"self":[{"href":"https:\/\/www.mymusicstaff.com\/fr\/wp-json\/wp\/v2\/pages\/71866","targetHints":{"allow":["GET"]}}],"collection":[{"href":"https:\/\/www.mymusicstaff.com\/fr\/wp-json\/wp\/v2\/pages"}],"about":[{"href":"https:\/\/www.mymusicstaff.com\/fr\/wp-json\/wp\/v2\/types\/page"}],"author":[{"embeddable":true,"href":"https:\/\/www.mymusicstaff.com\/fr\/wp-json\/wp\/v2\/users\/6"}],"replies":[{"embeddable":true,"href":"https:\/\/www.mymusicstaff.com\/fr\/wp-json\/wp\/v2\/comments?post=71866"}],"version-history":[{"count":5,"href":"https:\/\/www.mymusicstaff.com\/fr\/wp-json\/wp\/v2\/pages\/71866\/revisions"}],"predecessor-version":[{"id":77317,"href":"https:\/\/www.mymusicstaff.com\/fr\/wp-json\/wp\/v2\/pages\/71866\/revisions\/77317"}],"wp:attachment":[{"href":"https:\/\/www.mymusicstaff.com\/fr\/wp-json\/wp\/v2\/media?parent=71866"}],"curies":[{"name":"wp","href":"https:\/\/api.w.org\/{rel}","templated":true}]}}