{"id":71848,"date":"2022-09-06T19:20:45","date_gmt":"2022-09-06T19:20:45","guid":{"rendered":"https:\/\/mmsnew.dev.onpressidium.com\/calendrier-et-presences\/"},"modified":"2025-06-10T19:01:17","modified_gmt":"2025-06-10T19:01:17","slug":"calendrier-et-presences","status":"publish","type":"page","link":"https:\/\/www.mymusicstaff.com\/fr\/calendrier-et-presences\/","title":{"rendered":"Calendrier et pr\u00e9sences"},"content":{"rendered":"<div class=\"gb-container gb-container-7aa6265c\"><div class=\"gb-inside-container\">\n<div class=\"gb-container gb-container-db3890d4 align-text-center-features\"><div class=\"gb-inside-container\">\n\n<div class=\"feature-menu-2\">\n<ul class=\"mob-menu\">\n \t<li class=\"features-menu\"><a href=\"http:\/\/www.mymusicstaff.com\/fr\/gestion-des-etudiants\/\">Gestion des \u00e9tudiants<\/a><\/li>\n \t<li class=\"current features-menu\"><a href=\"http:\/\/www.mymusicstaff.com\/fr\/calendrier-et-presences\/\">Calendrier et pr\u00e9sences<\/a><\/li>\n \t<li class=\"features-menu\"><a href=\"http:\/\/www.mymusicstaff.com\/fr\/factures-et-paiements\/\">Factures et paiements<\/a><\/li>\n \t<li class=\"features-menu\"><a href=\"http:\/\/www.mymusicstaff.com\/fr\/fonctionnalites-dentreprise\/\">Fonctionnalit\u00e9s d\u2019entreprise<\/a><\/li>\n \t<li class=\"features-menu\"><a href=\"http:\/\/www.mymusicstaff.com\/fr\/gestion-de-lapprentissage\/\">Gestion de l&rsquo;apprentissage<\/a><\/li>\n \t<li class=\"features-menu\"><a href=\"http:\/\/www.mymusicstaff.com\/fr\/multi-enseignants\/\">Multi-enseignants<\/a><\/li>\n \t<li class=\"features-menu\"><a href=\"http:\/\/www.mymusicstaff.com\/fr\/portail-etudiant\/\">Portail \u00c9tudiant<\/a><\/li>\n        <li class=\"features-menu\"><a href=\"http:\/\/www.mymusicstaff.com\/fr\/integrations\/\">Int\u00e9grations<\/a><\/li>\n        <li class=\"last features-menu\"><a href=\"http:\/\/www.mymusicstaff.com\/fr\/createur-de-site-web\/\">Cr\u00e9ateur du site web<\/a><\/li>\n<\/ul>\n<\/div>\n\n<\/div><\/div>\n\n<div data-aos=\"fade-up\" class=\"gb-container gb-container-fc6371ee\"><div class=\"gb-inside-container\">\n\n<h1 class=\"wp-block-heading has-text-align-center feature-header has-contrast-color has-text-color\">Calendrier et pr\u00e9sences<\/h1>\n\n\n<div class=\"gb-container gb-container-033bdd0e\"><div class=\"gb-inside-container\">\n\n<p class=\"has-text-align-center feature-page-subheader has-medium-font-size\">Organisez vos le\u00e7ons, enregistrez les pr\u00e9sences et suivez les progr\u00e8s des \u00e9tudiants<\/p>\n\n<\/div><\/div>\n<\/div><\/div>\n<\/div><div class=\"gb-shapes\"><div class=\"gb-shape gb-shape-1\"><svg xmlns=\"http:\/\/www.w3.org\/2000\/svg\" viewBox=\"0 0 1200 137.6\" preserveAspectRatio=\"none\"><path d=\"M0 137.6h1200V21.9l-66.7 26.7c-66.7 26.7-200 80-333.3 66.7S533.3 21.9 400 4.2C266.7-13.9 133.3 31.1 66.7 53L0 75.3v62.3z\"\/><\/svg><\/div><\/div><\/div><div data-aos=\"fade-up\" class=\"gb-container gb-container-e899c9b4\"><div class=\"gb-inside-container\">\n\n<figure class=\"gb-block-image gb-block-image-e6d5d8a7\"><img decoding=\"async\" class=\"gb-image gb-image-e6d5d8a7\" src=\"http:\/\/www.mymusicstaff.com\/wp-content\/uploads\/2024\/08\/calendarattendance-ftr-fr@2x.png\" alt=\"\" title=\"Lesson-and-attendance-header@2x\"><\/figure>\n\n<\/div><\/div><div data-aos=\"fade-up\" class=\"gb-container gb-container-b888acb6\"><div class=\"gb-inside-container\">\n\n<h2 class=\"text_background_color\">Outils de planification <span>puissants<\/span> pour g\u00e9rer vos le\u00e7ons<\/h2>\n\n\n\n<p class=\"p-style\" style=\"font-size:18px\">Organisez votre emploi du temps charg\u00e9 avec le calendrier complet de My Music Staff. Ajoutez vos le\u00e7ons, personnalisez vos affichages, prenez des pr\u00e9sences, et bien plus encore ! <\/p>\n\n\n<div class=\"gb-container gb-container-ea636631\"><div class=\"gb-inside-container\">\n<div class=\"gb-button-wrapper gb-button-wrapper-a9809165\">\n\n<a class=\"gb-button gb-button-5b99cb9b gb-button-text yellow-button\" href=\"http:\/\/www.mymusicstaff.com\/fr\/rejoignez-gratuitement\/\">Essayez-le gratuitement d\u00e8s aujourd\u2019hui !<\/a>\n\n<\/div>\n<\/div><\/div>\n<\/div><\/div><div data-aos=\"fade-up\" class=\"gb-container gb-container-9d39c55b tablet-hide\"><div class=\"gb-inside-container\">\n\n<figure class=\"wp-block-image size-full\"><img loading=\"lazy\" decoding=\"async\" width=\"359\" height=\"295\" src=\"http:\/\/www.mymusicstaff.com\/wp-content\/uploads\/2022\/07\/hp-blue-dot-background.png\" alt=\"\" class=\"wp-image-3077\" srcset=\"https:\/\/www.mymusicstaff.com\/wp-content\/uploads\/2022\/07\/hp-blue-dot-background.png 359w, https:\/\/www.mymusicstaff.com\/wp-content\/uploads\/2022\/07\/hp-blue-dot-background-300x247.png 300w\" sizes=\"auto, (max-width: 359px) 100vw, 359px\" \/><\/figure>\n\n<\/div><\/div><div data-aos=\"fade-up\" class=\"gb-container gb-container-d07d7ad8\"><div class=\"gb-inside-container\">\n<style>.kt-blocks-testimonials-wrap4620_eb5870-60 .kt-svg-testimonial-global-icon{font-size:30px;}.kt-blocks-testimonials-wrap4620_eb5870-60 .kt-testimonial-rating-wrap .kb-svg-icon-wrap{color:#ffd700;font-size:16px;}.kt-blocks-testimonials-wrap4620_eb5870-60 .kt-testimonial-grid-wrap{gap:30px;}.kt-blocks-testimonials-wrap4620_eb5870-60 .kt-testimonial-item-wrap{padding-top:20px;padding-right:20px;padding-bottom:20px;padding-left:20px;}.kt-blocks-testimonials-wrap4620_eb5870-60 .kt-testimonial-content{color:var(--contrast-3);font-size:19px;line-height:43px;font-family:Poppins;font-style:normal;font-weight:300;}.kt-blocks-testimonials-wrap4620_eb5870-60 .kt-testimonial-name{color:rgba(45,167,223,0.69);font-size:20px;font-weight:bold;}.kt-blocks-testimonials-wrap4620_eb5870-60 .kt-testimonial-occupation{color:var(--contrast-3);font-size:13px;}.kt-blocks-testimonials-wrap4620_eb5870-60 .kt-testimonial-item-wrap{max-width:1000px;}@media all and (max-width: 767px){.kt-blocks-testimonials-wrap4620_eb5870-60{padding-top:px;padding-bottom:px;margin-top:px;margin-bottom:px;}}<\/style><div class=\"kt-blocks-testimonials-wrap4620_eb5870-60 kt-testimonial-halign-center kt-testimonial-style-basic kt-testimonials-media-off kt-testimonials-icon-off kt-testimonial-columns-1 kt-t-xxl-col-1 kt-t-xl-col-1 kt-t-lg-col-1 kt-t-md-col-1 kt-t-sm-col-1 kt-t-xs-col-1 wp-block-kadence-testimonials\"><ul class=\"kt-blocks-testimonials-inner-wrap kt-testimonial-grid-wrap\">\n<li class=\"kt-testimonial-grid-item\"><div class=\"kt-testimonial-item-wrap kt-testimonial-item-4620_43d166-99 wp-block-kadence-testimonial\"><div class=\"kt-testimonial-text-wrap\"><div class=\"kt-testimonial-content-wrap\"><blockquote class=\"kt-testimonial-content\"><em>\u00ab\u00a0Je peux facilement programmer des le\u00e7ons r\u00e9currentes, suivre les cr\u00e9dits de rattrapage et les le\u00e7ons de rattrapage, les jours f\u00e9ri\u00e9s et les jours de fermeture du studio. Je ne saurais trop insister sur la qualit\u00e9 de ce programme et sur l&rsquo;aide qu&rsquo;il m&rsquo;a apport\u00e9e ! <\/em> <\/blockquote><\/div><\/div><div class=\"kt-testimonial-meta-wrap\"><div class=\"kt-testimonial-meta-name-wrap\"><div class=\"kt-testimonial-name-wrap\"><div class=\"kt-testimonial-name\">&#8211; Megan M.<\/div><\/div><\/div><\/div><\/div><\/li>\n<\/ul><\/div>\n<\/div><\/div><div data-aos=\"fade-up\" class=\"gb-container gb-container-35492a31\"><div class=\"gb-inside-container\">\n<div class=\"gb-container gb-container-3df6ddd6\"><div class=\"gb-inside-container\">\n<div class=\"gb-grid-wrapper gb-grid-wrapper-c68aad39\">\n<div class=\"gb-grid-column gb-grid-column-2616041c\"><div class=\"gb-container gb-container-2616041c\"><div class=\"gb-inside-container\">\n\n<figure class=\"gb-block-image gb-block-image-b9491720\"><img decoding=\"async\" class=\"gb-image gb-image-b9491720\" src=\"http:\/\/www.mymusicstaff.com\/wp-content\/uploads\/2024\/08\/quick-add-lesson-ftr-fr@2x.png\" alt=\"\" title=\"Schedule-lessons@2x\"><\/figure>\n\n<\/div><\/div><\/div>\n\n<div class=\"gb-grid-column gb-grid-column-9978af6f\"><div class=\"gb-container gb-container-9978af6f\"><div class=\"gb-inside-container\">\n\n<h2 class=\"wp-block-heading\">Planifiez vos le\u00e7ons<\/h2>\n\n\n\n<p class=\"p-style\">Cours particuliers, groupes, ateliers&#8230; oh l\u00e0 l\u00e0 ! Peu importe ce que vous enseignez, vous pouvez l&rsquo;ajouter \u00e0 votre calendrier en toute simplicit\u00e9. D\u00e9finissez une tarification par d\u00e9faut pour chaque \u00e9l\u00e8ve afin de planifier leurs cours en quelques clics ! Ou cr\u00e9ez des cr\u00e9neaux de cours ouverts pour permettre aux familles de s&rsquo;inscrire via le portail des \u00e9tudiants.   <\/p>\n\n<\/div><\/div><\/div>\n<\/div>\n<\/div><\/div>\n<\/div><\/div><div data-aos=\"fade-up\" class=\"gb-container gb-container-fc84779d\"><div class=\"gb-inside-container\">\n<div class=\"gb-grid-wrapper gb-grid-wrapper-41a3c7f9\">\n<div class=\"gb-grid-column gb-grid-column-f227928b\"><div class=\"gb-container gb-container-f227928b\"><div class=\"gb-inside-container\">\n\n<figure class=\"gb-block-image gb-block-image-3fdfc3a5\"><img decoding=\"async\" class=\"gb-image gb-image-3fdfc3a5 tablet-show\" src=\"http:\/\/www.mymusicstaff.com\/wp-content\/uploads\/2024\/08\/schedule-your-lessons-ftr-fr@2x.png\" alt=\"\" title=\"Categories-and-locations@2x\"><\/figure>\n\n\n\n<h2 class=\"wp-block-heading\">Personnalisez et organisez<\/h2>\n\n\n\n<p class=\"p-style\">Cr\u00e9ez des cat\u00e9gories d&rsquo;\u00e9v\u00e9nements pour diff\u00e9rents instruments, types de le\u00e7ons, fermetures de studios, etc. Ajoutez des lieux pour \u00e9viter les doubles r\u00e9servations ou pour s\u00e9parer vos cours en studio de vos cours en ligne. Utilisez les fonctions de recherche et de filtrage pour afficher ce dont vous avez besoin, ou passez d&rsquo;un mois, d&rsquo;une semaine, d&rsquo;un jour, d&rsquo;une ligne du temps ou d&rsquo;un agenda \u00e0 l&rsquo;autre pour obtenir la vue parfaite !  <\/p>\n\n<\/div><\/div><\/div>\n\n<div class=\"gb-grid-column gb-grid-column-e605fe6f\"><div class=\"gb-container gb-container-e605fe6f\"><div class=\"gb-inside-container\">\n\n<figure class=\"gb-block-image gb-block-image-7b7741a8\"><img decoding=\"async\" class=\"gb-image gb-image-7b7741a8 tablet-hide\" src=\"http:\/\/www.mymusicstaff.com\/wp-content\/uploads\/2024\/08\/schedule-your-lessons-ftr-fr@2x.png\" alt=\"\" title=\"Categories-and-locations@2x\"><\/figure>\n\n<\/div><\/div><\/div>\n<\/div>\n<\/div><\/div><div data-aos=\"fade-up\" class=\"gb-container gb-container-5e3e3f29 tablet-hide\"><div class=\"gb-inside-container\">\n<div class=\"gb-grid-wrapper gb-grid-wrapper-c66a1660\">\n<div class=\"gb-grid-column gb-grid-column-1ef5cce4\"><div class=\"gb-container gb-container-1ef5cce4\"><div class=\"gb-inside-container\"><\/div><\/div><\/div>\n\n<div class=\"gb-grid-column gb-grid-column-896ca1e7\"><div class=\"gb-container gb-container-896ca1e7\"><div class=\"gb-inside-container\">\n<div class=\"wp-block-image\">\n<figure class=\"alignright size-full\"><img loading=\"lazy\" decoding=\"async\" width=\"358\" height=\"295\" src=\"http:\/\/www.mymusicstaff.com\/wp-content\/uploads\/2022\/07\/yellow-dot-bg.png\" alt=\"\" class=\"wp-image-3523\" srcset=\"https:\/\/www.mymusicstaff.com\/wp-content\/uploads\/2022\/07\/yellow-dot-bg.png 358w, https:\/\/www.mymusicstaff.com\/wp-content\/uploads\/2022\/07\/yellow-dot-bg-300x247.png 300w\" sizes=\"auto, (max-width: 358px) 100vw, 358px\" \/><\/figure>\n<\/div>\n<\/div><\/div><\/div>\n<\/div>\n<\/div><\/div><div data-aos=\"fade-up\" class=\"gb-container gb-container-89b6df2e\"><div class=\"gb-inside-container\">\n<div class=\"gb-grid-wrapper gb-grid-wrapper-ec615136\">\n<div class=\"gb-grid-column gb-grid-column-66f481a0\"><div class=\"gb-container gb-container-66f481a0\"><div class=\"gb-inside-container\">\n\n<figure class=\"gb-block-image gb-block-image-5f0ce32a\"><img decoding=\"async\" class=\"gb-image gb-image-5f0ce32a\" src=\"http:\/\/www.mymusicstaff.com\/wp-content\/uploads\/2024\/08\/no-shows-ftr-fr@2x.png\" alt=\"\" title=\"Email-templates-reminders@2x\"><\/figure>\n\n<\/div><\/div><\/div>\n\n<div class=\"gb-grid-column gb-grid-column-44911dd2\"><div class=\"gb-container gb-container-44911dd2\"><div class=\"gb-inside-container\">\n\n<h2 class=\"wp-block-heading\">Plus d&rsquo;absences non pr\u00e9vues<\/h2>\n\n\n\n<p class=\"p-style\">Vos \u00e9l\u00e8ves ont une vie bien remplie &#8211; aidez-les \u00e0 se souvenir de leurs heures de cours gr\u00e2ce \u00e0 des rappels automatis\u00e9s par e-mail et par SMS ! R\u00e9duisez le nombre de le\u00e7ons manqu\u00e9es et d&rsquo;annulations de derni\u00e8re minute gr\u00e2ce \u00e0 des rappels personnalis\u00e9s programm\u00e9s quelques jours ou quelques heures \u00e0 l&rsquo;avance. Personnalisez votre message pour que vos \u00e9tudiants aient toutes les informations dont ils ont besoin !  <\/p>\n\n<\/div><\/div><\/div>\n<\/div>\n<\/div><\/div><div data-aos=\"fade-up\" class=\"gb-container gb-container-66f61be0\"><div class=\"gb-inside-container\">\n<div class=\"gb-grid-wrapper gb-grid-wrapper-b1dd86a3\">\n<div class=\"gb-grid-column gb-grid-column-6d5f3f7d\"><div class=\"gb-container gb-container-6d5f3f7d\"><div class=\"gb-inside-container\">\n\n<figure class=\"gb-block-image gb-block-image-b7bc2a71\"><img decoding=\"async\" class=\"gb-image gb-image-b7bc2a71 tablet-show\" src=\"http:\/\/www.mymusicstaff.com\/wp-content\/uploads\/2024\/08\/track-attendance-ftr-fr@2x.png\" alt=\"\" title=\"student-attendance@2x\"><\/figure>\n\n\n\n<h2 class=\"wp-block-heading\">Suivez la pr\u00e9sence des \u00e9tudiants<\/h2>\n\n\n\n<p class=\"p-style\">My Music Staff propose des options d&rsquo;assiduit\u00e9 pour chaque situation ! D\u00e9livrer et utiliser des cr\u00e9dits de rattrapage pour les le\u00e7ons manqu\u00e9es. Vous n&rsquo;avez pas le temps de prendre des notes pendant le cours ? Pas de probl\u00e8me ! Prenez facilement les pr\u00e9sences en retard ou les pr\u00e9sences globales pour une journ\u00e9e enti\u00e8re en une seule fois !    <\/p>\n\n<\/div><\/div><\/div>\n\n<div class=\"gb-grid-column gb-grid-column-6e1012a6\"><div class=\"gb-container gb-container-6e1012a6\"><div class=\"gb-inside-container\">\n\n<figure class=\"gb-block-image gb-block-image-60ed3677\"><img decoding=\"async\" class=\"gb-image gb-image-60ed3677 tablet-hide\" src=\"http:\/\/www.mymusicstaff.com\/wp-content\/uploads\/2024\/08\/track-attendance-ftr-fr@2x.png\" alt=\"\" title=\"student-attendance@2x\"><\/figure>\n\n<\/div><\/div><\/div>\n<\/div>\n<\/div><\/div><div data-aos=\"fade-up\" class=\"gb-container gb-container-d4675ecd\"><div class=\"gb-inside-container\">\n<div class=\"gb-grid-wrapper gb-grid-wrapper-2ac84539\">\n<div class=\"gb-grid-column gb-grid-column-fa0b8959\"><div class=\"gb-container gb-container-fa0b8959\"><div class=\"gb-inside-container\">\n\n<figure class=\"gb-block-image gb-block-image-7cbf8cc5\"><img decoding=\"async\" class=\"gb-image gb-image-7cbf8cc5\" src=\"http:\/\/www.mymusicstaff.com\/wp-content\/uploads\/2024\/08\/take-notes-ftr-fr@2x.png\" alt=\"\" title=\"Lesson-notes-files@2x\"><\/figure>\n\n<\/div><\/div><\/div>\n\n<div class=\"gb-grid-column gb-grid-column-148d1f7f\"><div class=\"gb-container gb-container-148d1f7f\"><div class=\"gb-inside-container\">\n\n<h2 class=\"wp-block-heading\">Prenez des notes d\u00e9taill\u00e9es sur les le\u00e7ons<\/h2>\n\n\n\n<p class=\"p-style\">Suivez les progr\u00e8s de vos \u00e9l\u00e8ves avec des notes de cours pour les \u00e9l\u00e8ves et les parents et des notes priv\u00e9es pour vous-m\u00eame ! Cr\u00e9ez des liens vers des fichiers dans vos ressources en ligne, assignez des morceaux de r\u00e9pertoire, etc. De plus, cr\u00e9ez des mod\u00e8les de notes de cours personnalis\u00e9s pour rationaliser votre prise de notes pendant les cours. Ensuite, envoyez vos notes par e-mail aux \u00e9l\u00e8ves et aux parents \u00e0 la fin de la le\u00e7on en quelques clics seulement !   <\/p>\n\n<\/div><\/div><\/div>\n<\/div>\n<\/div><\/div><div data-aos=\"fade-up\" class=\"gb-container gb-container-8987f3db tablet-hide\"><div class=\"gb-inside-container\">\n\n<figure class=\"wp-block-image size-full\"><img loading=\"lazy\" decoding=\"async\" width=\"359\" height=\"295\" src=\"http:\/\/www.mymusicstaff.com\/wp-content\/uploads\/2022\/07\/hp-blue-dot-background.png\" alt=\"\" class=\"wp-image-3077\" srcset=\"https:\/\/www.mymusicstaff.com\/wp-content\/uploads\/2022\/07\/hp-blue-dot-background.png 359w, https:\/\/www.mymusicstaff.com\/wp-content\/uploads\/2022\/07\/hp-blue-dot-background-300x247.png 300w\" sizes=\"auto, (max-width: 359px) 100vw, 359px\" \/><\/figure>\n\n<\/div><\/div><div data-aos=\"fade-up\" class=\"gb-container gb-container-6ebab716\"><div class=\"gb-inside-container\">\n<div class=\"gb-grid-wrapper gb-grid-wrapper-f2e0c648\">\n<div class=\"gb-grid-column gb-grid-column-377f4e53\"><div class=\"gb-container gb-container-377f4e53\"><div class=\"gb-inside-container\">\n\n<figure class=\"gb-block-image gb-block-image-d410df27\"><img decoding=\"async\" class=\"gb-image gb-image-d410df27 tablet-show\" src=\"http:\/\/www.mymusicstaff.com\/wp-content\/uploads\/2024\/08\/teach-online-ftr-fr@2x.png\" alt=\"\" title=\"online-lessons@2x\"><\/figure>\n\n\n\n<h2 class=\"wp-block-heading\">Enseignez des le\u00e7ons en ligne<\/h2>\n\n\n\n<p class=\"p-style\">Nos int\u00e9grations Zoom, Skype et FaceTime facilitent l&rsquo;enseignement en ligne ! Il vous suffit d&rsquo;enregistrer des noms d&rsquo;utilisateur ou des URL de r\u00e9union pour rejoindre vos cours directement \u00e0 partir du calendrier. De plus, vous pouvez inclure automatiquement des liens de r\u00e9union dans les rappels de cours afin que les \u00e9tudiants puissent se joindre \u00e0 vos cours en un seul clic !  <\/p>\n\n<\/div><\/div><\/div>\n\n<div class=\"gb-grid-column gb-grid-column-808e3681\"><div class=\"gb-container gb-container-808e3681\"><div class=\"gb-inside-container\">\n\n<figure class=\"gb-block-image gb-block-image-68ee136d\"><img decoding=\"async\" class=\"gb-image gb-image-68ee136d tablet-hide\" src=\"http:\/\/www.mymusicstaff.com\/wp-content\/uploads\/2024\/08\/teach-online-ftr-fr@2x.png\" alt=\"\" title=\"online-lessons@2x\"><\/figure>\n\n<\/div><\/div><\/div>\n<\/div>\n<\/div><\/div><div data-aos=\"fade-up\" class=\"gb-container gb-container-39c27e41\"><div class=\"gb-inside-container\">\n<div class=\"gb-grid-wrapper gb-grid-wrapper-e1bb7943\">\n<div class=\"gb-grid-column gb-grid-column-7b7b5670\"><div class=\"gb-container gb-container-7b7b5670\"><div class=\"gb-inside-container\">\n\n<figure class=\"gb-block-image gb-block-image-8fe0877c\"><img decoding=\"async\" class=\"gb-image gb-image-8fe0877c\" src=\"http:\/\/www.mymusicstaff.com\/wp-content\/uploads\/2024\/08\/sync-calendar-ftr-fr@2x.png\" alt=\"\" title=\"calendar-sync@2x\"><\/figure>\n\n<\/div><\/div><\/div>\n\n<div class=\"gb-grid-column gb-grid-column-73b08556\"><div class=\"gb-container gb-container-73b08556\"><div class=\"gb-inside-container\">\n\n<h2 class=\"wp-block-heading\">Synchronisez votre calendrier<\/h2>\n\n\n\n<p class=\"p-style\">Tant d&rsquo;\u00e9l\u00e8ves, si peu de temps ! Synchronisez votre calendrier My Music Staff avec votre t\u00e9l\u00e9phone, votre tablette ou votre ordinateur pour que, o\u00f9 que vous soyez, votre calendrier vous accompagne. Configurez des alertes pour des cat\u00e9gories sp\u00e9cifiques afin de ne jamais oublier une le\u00e7on !  <\/p>\n\n<\/div><\/div><\/div>\n<\/div>\n<\/div><\/div><div data-aos=\"fade-up\" class=\"gb-container gb-container-714abc69\"><div class=\"gb-inside-container\">\n<div class=\"gb-grid-wrapper gb-grid-wrapper-6344e4d7\">\n<div class=\"gb-grid-column gb-grid-column-a91aeed2\"><header class=\"gb-container gb-container-a91aeed2\"><div class=\"gb-inside-container\">\n\n<h2 class=\"text_background_color\">Commencez votre essai <span>GRATUIT de 30 JOURS<\/span><\/h2>\n\n\n\n<p class=\"credit-card\">Aucune carte de cr\u00e9dit requise<\/p>\n\n\n<div class=\"gb-container gb-container-84908788\"><div class=\"gb-inside-container\">\n<div class=\"gb-button-wrapper gb-button-wrapper-52c55dde\">\n\n<a class=\"gb-button gb-button-afc810a6 gb-button-text yellow-button\" href=\"http:\/\/www.mymusicstaff.com\/fr\/rejoignez-gratuitement\/\">Commencez d\u00e8s aujourd\u2019hui !<\/a>\n\n<\/div>\n<\/div><\/div>\n<\/div><\/header><\/div>\n<\/div>\n<\/div><\/div>","protected":false},"excerpt":{"rendered":"<p>Gestion des \u00e9tudiants Calendrier et pr\u00e9sences Factures et paiements Fonctionnalit\u00e9s d\u2019entreprise Gestion de l&rsquo;apprentissage Multi-enseignants Portail \u00c9tudiant Int\u00e9grations Cr\u00e9ateur du site web Calendrier et pr\u00e9sences &#8230; <\/p>\n<p class=\"read-more-container\"><a title=\"Calendrier et pr\u00e9sences\" class=\"read-more button\" href=\"https:\/\/www.mymusicstaff.com\/fr\/calendrier-et-presences\/#more-71848\" aria-label=\"En savoir plus sur Calendrier et pr\u00e9sences\">Read More<\/a><\/p>\n","protected":false},"author":6,"featured_media":0,"parent":0,"menu_order":0,"comment_status":"closed","ping_status":"closed","template":"","meta":{"inline_featured_image":false,"footnotes":""},"class_list":["post-71848","page","type-page","status-publish"],"_links":{"self":[{"href":"https:\/\/www.mymusicstaff.com\/fr\/wp-json\/wp\/v2\/pages\/71848","targetHints":{"allow":["GET"]}}],"collection":[{"href":"https:\/\/www.mymusicstaff.com\/fr\/wp-json\/wp\/v2\/pages"}],"about":[{"href":"https:\/\/www.mymusicstaff.com\/fr\/wp-json\/wp\/v2\/types\/page"}],"author":[{"embeddable":true,"href":"https:\/\/www.mymusicstaff.com\/fr\/wp-json\/wp\/v2\/users\/6"}],"replies":[{"embeddable":true,"href":"https:\/\/www.mymusicstaff.com\/fr\/wp-json\/wp\/v2\/comments?post=71848"}],"version-history":[{"count":5,"href":"https:\/\/www.mymusicstaff.com\/fr\/wp-json\/wp\/v2\/pages\/71848\/revisions"}],"predecessor-version":[{"id":77299,"href":"https:\/\/www.mymusicstaff.com\/fr\/wp-json\/wp\/v2\/pages\/71848\/revisions\/77299"}],"wp:attachment":[{"href":"https:\/\/www.mymusicstaff.com\/fr\/wp-json\/wp\/v2\/media?parent=71848"}],"curies":[{"name":"wp","href":"https:\/\/api.w.org\/{rel}","templated":true}]}}